{"id":1608,"date":"2021-06-09T10:46:02","date_gmt":"2021-06-09T08:46:02","guid":{"rendered":"https:\/\/amandarackowe.com\/limited-edition-prints\/"},"modified":"2025-03-31T12:09:16","modified_gmt":"2025-03-31T10:09:16","slug":"tirages-limites","status":"publish","type":"page","link":"https:\/\/amandarackowe.com\/fr\/tirages-limites\/","title":{"rendered":"Achats d\u2019originaux et Impressions en \u00e9dition limit\u00e9e"},"content":{"rendered":"\n<figure class=\"wp-block-image size-large\"><img loading=\"lazy\" decoding=\"async\" width=\"1000\" height=\"875\" src=\"https:\/\/amandarackowe.com\/wp-content\/uploads\/2021\/06\/limited-edition-prints-1-1000x875.jpg\" alt=\"limited edition prints\" class=\"wp-image-1602\" srcset=\"https:\/\/amandarackowe.com\/wp-content\/uploads\/2021\/06\/limited-edition-prints-1-1000x875.jpg 1000w, https:\/\/amandarackowe.com\/wp-content\/uploads\/2021\/06\/limited-edition-prints-1-300x263.jpg 300w, https:\/\/amandarackowe.com\/wp-content\/uploads\/2021\/06\/limited-edition-prints-1-400x350.jpg 400w, https:\/\/amandarackowe.com\/wp-content\/uploads\/2021\/06\/limited-edition-prints-1.jpg 1400w\" sizes=\"auto, (max-width: 1000px) 100vw, 1000px\" \/><\/figure>\n\n\n\n<p>Toutes les peintures sont disponibles en impression de haute qualit\u00e9,.<\/p>\n\n\n\n<ul class=\"wp-block-list\">\n<li>\u00c9dition limit\u00e9e \u00e0 30 exemplaires<\/li>\n\n\n\n<li>Papier 100% coton de 310g, pH neutre sans acide<\/li>\n\n\n\n<li>Jets d\u2019encre et de pigments, qualit\u00e9 archival, (gicl\u00e9e)<\/li>\n\n\n\n<li>Reproduction des couleurs et d\u00e9tail fid\u00e8les aux originaux<\/li>\n\n\n\n<li>Fabriqu\u00e9es individuellement par un imprimeur ind\u00e9pendant en France<\/li>\n\n\n\n<li>Sign\u00e9es avec titre et num\u00e8rot\u00e9es par l\u2019artiste<\/li>\n\n\n\n<li>Emball\u00e9es dans du papier soie et carton recycl\u00e9 pour assurer le meilleur pour votre impression et l\u2019environnement. (les impressions vendus avec un pass\u00e9-partout seront \u00e9galement emball\u00e9es dans leur enveloppe de plastique)<\/li>\n<\/ul>\n\n\n\n<h2 class=\"wp-block-heading\">Comment commander?<\/h2>\n\n\n\n<p>Pour commander une impression ou pour tous autres renseignements, <a href=\"https:\/\/amandarackowe.com\/fr\/contact\/\">contactez-nous<\/a><em>.<\/em> Quelques peintures ne sont pas disponible en impression imm\u00e9diatement et cela peut prendre quelques semaines pour \u00eatre imprim\u00e9es. Nous vous informons d\u2019un eventual d\u00e9lai lors de votre commande. Les formats des impressions sont vari\u00e9s mais normalement disponibles dans un format standard, indiqu\u00e9 sous chaque tableau. Les autres formats sont disponibles \u00e0 la demande. Les impressions peuvent \u00eatre ach\u00e9tees avec ou sans pass\u00e9-partout. Veuillez indiquer lors de votre commande.<\/p>\n\n\n\n<p><a class=\"blog-readmore\" href=\"https:\/\/amandarackowe.com\/fr\/contact\/\">Nous contacter pour commander<\/a><\/p>\n\n\n\n<h2 class=\"wp-block-heading\">Les collaborations<\/h2>\n\n\n\n<p>Si vous voulez acheter une s\u00e9rie d\u2019impressions ou plusieurs tableaux pour un projet d\u2019interieurs ou de d\u00e9coration, veuillez nous contacter. L\u2019artiste accueille toutes les collaborations artistiques et sera ravie de discuter les solutions adapt\u00e9es \u00e0 votre projet.<\/p>\n","protected":false},"excerpt":{"rendered":"<p>Toutes les peintures sont disponibles en impression de haute qualit\u00e9,. Comment commander? Pour commander une impression ou pour tous autres renseignements, contactez-nous. Quelques peintures ne<\/p>\n","protected":false},"author":1,"featured_media":0,"parent":0,"menu_order":0,"comment_status":"closed","ping_status":"closed","template":"","meta":{"_acf_changed":false,"footnotes":""},"class_list":["post-1608","page","type-page","status-publish","hentry"],"acf":[],"yoast_head":"<!-- This site is optimized with the Yoast SEO plugin v27.3 - https:\/\/yoast.com\/product\/yoast-seo-wordpress\/ -->\n<title>Achats d\u2019originaux et Impressions en \u00e9dition limit\u00e9e - Amanda Rackowe<\/title>\n<meta name=\"description\" content=\"La plupart de mes \u0153uvres sont disponibles sous forme d&#039;impressions de qualit\u00e9 &quot;Mus\u00e9e d&#039;Art&quot; limit\u00e9es. Commandez le v\u00f4tre d\u00e8s aujourd&#039;hui !\" \/>\n<meta name=\"robots\" content=\"index, follow, max-snippet:-1, max-image-preview:large, max-video-preview:-1\" \/>\n<link rel=\"canonical\" href=\"https:\/\/amandarackowe.com\/fr\/tirages-limites\/\" \/>\n<meta property=\"og:locale\" content=\"fr_FR\" \/>\n<meta property=\"og:type\" content=\"article\" \/>\n<meta property=\"og:title\" content=\"Achats d\u2019originaux et Impressions en \u00e9dition limit\u00e9e - Amanda Rackowe\" \/>\n<meta property=\"og:description\" content=\"La plupart de mes \u0153uvres sont disponibles sous forme d&#039;impressions de qualit\u00e9 &quot;Mus\u00e9e d&#039;Art&quot; limit\u00e9es. Commandez le v\u00f4tre d\u00e8s aujourd&#039;hui !\" \/>\n<meta property=\"og:url\" content=\"https:\/\/amandarackowe.com\/fr\/tirages-limites\/\" \/>\n<meta property=\"og:site_name\" content=\"Amanda Rackowe\" \/>\n<meta property=\"article:modified_time\" content=\"2025-03-31T10:09:16+00:00\" \/>\n<meta property=\"og:image\" content=\"https:\/\/amandarackowe.com\/wp-content\/uploads\/2021\/06\/limited-edition-prints-1.jpg\" \/>\n\t<meta property=\"og:image:width\" content=\"1400\" \/>\n\t<meta property=\"og:image:height\" content=\"1225\" \/>\n\t<meta property=\"og:image:type\" content=\"image\/jpeg\" \/>\n<meta name=\"twitter:card\" content=\"summary_large_image\" \/>\n<meta name=\"twitter:label1\" content=\"Dur\u00e9e de lecture estim\u00e9e\" \/>\n\t<meta name=\"twitter:data1\" content=\"2 minutes\" \/>\n<script type=\"application\/ld+json\" class=\"yoast-schema-graph\">{\"@context\":\"https:\\\/\\\/schema.org\",\"@graph\":[{\"@type\":\"WebPage\",\"@id\":\"https:\\\/\\\/amandarackowe.com\\\/fr\\\/tirages-limites\\\/\",\"url\":\"https:\\\/\\\/amandarackowe.com\\\/fr\\\/tirages-limites\\\/\",\"name\":\"Achats d\u2019originaux et Impressions en \u00e9dition limit\u00e9e - Amanda Rackowe\",\"isPartOf\":{\"@id\":\"https:\\\/\\\/amandarackowe.com\\\/fr\\\/#website\"},\"primaryImageOfPage\":{\"@id\":\"https:\\\/\\\/amandarackowe.com\\\/fr\\\/tirages-limites\\\/#primaryimage\"},\"image\":{\"@id\":\"https:\\\/\\\/amandarackowe.com\\\/fr\\\/tirages-limites\\\/#primaryimage\"},\"thumbnailUrl\":\"https:\\\/\\\/amandarackowe.com\\\/wp-content\\\/uploads\\\/2021\\\/06\\\/limited-edition-prints-1-1000x875.jpg\",\"datePublished\":\"2021-06-09T08:46:02+00:00\",\"dateModified\":\"2025-03-31T10:09:16+00:00\",\"description\":\"La plupart de mes \u0153uvres sont disponibles sous forme d'impressions de qualit\u00e9 \\\"Mus\u00e9e d'Art\\\" limit\u00e9es. Commandez le v\u00f4tre d\u00e8s aujourd'hui !\",\"breadcrumb\":{\"@id\":\"https:\\\/\\\/amandarackowe.com\\\/fr\\\/tirages-limites\\\/#breadcrumb\"},\"inLanguage\":\"fr-FR\",\"potentialAction\":[{\"@type\":\"ReadAction\",\"target\":[\"https:\\\/\\\/amandarackowe.com\\\/fr\\\/tirages-limites\\\/\"]}]},{\"@type\":\"ImageObject\",\"inLanguage\":\"fr-FR\",\"@id\":\"https:\\\/\\\/amandarackowe.com\\\/fr\\\/tirages-limites\\\/#primaryimage\",\"url\":\"https:\\\/\\\/amandarackowe.com\\\/wp-content\\\/uploads\\\/2021\\\/06\\\/limited-edition-prints-1-1000x875.jpg\",\"contentUrl\":\"https:\\\/\\\/amandarackowe.com\\\/wp-content\\\/uploads\\\/2021\\\/06\\\/limited-edition-prints-1-1000x875.jpg\"},{\"@type\":\"BreadcrumbList\",\"@id\":\"https:\\\/\\\/amandarackowe.com\\\/fr\\\/tirages-limites\\\/#breadcrumb\",\"itemListElement\":[{\"@type\":\"ListItem\",\"position\":1,\"name\":\"Home\",\"item\":\"https:\\\/\\\/amandarackowe.com\\\/fr\\\/\"},{\"@type\":\"ListItem\",\"position\":2,\"name\":\"Achats d\u2019originaux et Impressions en \u00e9dition limit\u00e9e\"}]},{\"@type\":\"WebSite\",\"@id\":\"https:\\\/\\\/amandarackowe.com\\\/fr\\\/#website\",\"url\":\"https:\\\/\\\/amandarackowe.com\\\/fr\\\/\",\"name\":\"Amanda Rackowe\",\"description\":\"Tableaux Contemporains \",\"potentialAction\":[{\"@type\":\"SearchAction\",\"target\":{\"@type\":\"EntryPoint\",\"urlTemplate\":\"https:\\\/\\\/amandarackowe.com\\\/fr\\\/?s={search_term_string}\"},\"query-input\":{\"@type\":\"PropertyValueSpecification\",\"valueRequired\":true,\"valueName\":\"search_term_string\"}}],\"inLanguage\":\"fr-FR\"}]}<\/script>\n<!-- \/ Yoast SEO plugin. -->","yoast_head_json":{"title":"Achats d\u2019originaux et Impressions en \u00e9dition limit\u00e9e - Amanda Rackowe","description":"La plupart de mes \u0153uvres sont disponibles sous forme d'impressions de qualit\u00e9 \"Mus\u00e9e d'Art\" limit\u00e9es. Commandez le v\u00f4tre d\u00e8s aujourd'hui !","robots":{"index":"index","follow":"follow","max-snippet":"max-snippet:-1","max-image-preview":"max-image-preview:large","max-video-preview":"max-video-preview:-1"},"canonical":"https:\/\/amandarackowe.com\/fr\/tirages-limites\/","og_locale":"fr_FR","og_type":"article","og_title":"Achats d\u2019originaux et Impressions en \u00e9dition limit\u00e9e - Amanda Rackowe","og_description":"La plupart de mes \u0153uvres sont disponibles sous forme d'impressions de qualit\u00e9 \"Mus\u00e9e d'Art\" limit\u00e9es. Commandez le v\u00f4tre d\u00e8s aujourd'hui !","og_url":"https:\/\/amandarackowe.com\/fr\/tirages-limites\/","og_site_name":"Amanda Rackowe","article_modified_time":"2025-03-31T10:09:16+00:00","og_image":[{"width":1400,"height":1225,"url":"https:\/\/amandarackowe.com\/wp-content\/uploads\/2021\/06\/limited-edition-prints-1.jpg","type":"image\/jpeg"}],"twitter_card":"summary_large_image","twitter_misc":{"Dur\u00e9e de lecture estim\u00e9e":"2 minutes"},"schema":{"@context":"https:\/\/schema.org","@graph":[{"@type":"WebPage","@id":"https:\/\/amandarackowe.com\/fr\/tirages-limites\/","url":"https:\/\/amandarackowe.com\/fr\/tirages-limites\/","name":"Achats d\u2019originaux et Impressions en \u00e9dition limit\u00e9e - Amanda Rackowe","isPartOf":{"@id":"https:\/\/amandarackowe.com\/fr\/#website"},"primaryImageOfPage":{"@id":"https:\/\/amandarackowe.com\/fr\/tirages-limites\/#primaryimage"},"image":{"@id":"https:\/\/amandarackowe.com\/fr\/tirages-limites\/#primaryimage"},"thumbnailUrl":"https:\/\/amandarackowe.com\/wp-content\/uploads\/2021\/06\/limited-edition-prints-1-1000x875.jpg","datePublished":"2021-06-09T08:46:02+00:00","dateModified":"2025-03-31T10:09:16+00:00","description":"La plupart de mes \u0153uvres sont disponibles sous forme d'impressions de qualit\u00e9 \"Mus\u00e9e d'Art\" limit\u00e9es. Commandez le v\u00f4tre d\u00e8s aujourd'hui !","breadcrumb":{"@id":"https:\/\/amandarackowe.com\/fr\/tirages-limites\/#breadcrumb"},"inLanguage":"fr-FR","potentialAction":[{"@type":"ReadAction","target":["https:\/\/amandarackowe.com\/fr\/tirages-limites\/"]}]},{"@type":"ImageObject","inLanguage":"fr-FR","@id":"https:\/\/amandarackowe.com\/fr\/tirages-limites\/#primaryimage","url":"https:\/\/amandarackowe.com\/wp-content\/uploads\/2021\/06\/limited-edition-prints-1-1000x875.jpg","contentUrl":"https:\/\/amandarackowe.com\/wp-content\/uploads\/2021\/06\/limited-edition-prints-1-1000x875.jpg"},{"@type":"BreadcrumbList","@id":"https:\/\/amandarackowe.com\/fr\/tirages-limites\/#breadcrumb","itemListElement":[{"@type":"ListItem","position":1,"name":"Home","item":"https:\/\/amandarackowe.com\/fr\/"},{"@type":"ListItem","position":2,"name":"Achats d\u2019originaux et Impressions en \u00e9dition limit\u00e9e"}]},{"@type":"WebSite","@id":"https:\/\/amandarackowe.com\/fr\/#website","url":"https:\/\/amandarackowe.com\/fr\/","name":"Amanda Rackowe","description":"Tableaux Contemporains ","potentialAction":[{"@type":"SearchAction","target":{"@type":"EntryPoint","urlTemplate":"https:\/\/amandarackowe.com\/fr\/?s={search_term_string}"},"query-input":{"@type":"PropertyValueSpecification","valueRequired":true,"valueName":"search_term_string"}}],"inLanguage":"fr-FR"}]}},"_links":{"self":[{"href":"https:\/\/amandarackowe.com\/fr\/wp-json\/wp\/v2\/pages\/1608","targetHints":{"allow":["GET"]}}],"collection":[{"href":"https:\/\/amandarackowe.com\/fr\/wp-json\/wp\/v2\/pages"}],"about":[{"href":"https:\/\/amandarackowe.com\/fr\/wp-json\/wp\/v2\/types\/page"}],"author":[{"embeddable":true,"href":"https:\/\/amandarackowe.com\/fr\/wp-json\/wp\/v2\/users\/1"}],"replies":[{"embeddable":true,"href":"https:\/\/amandarackowe.com\/fr\/wp-json\/wp\/v2\/comments?post=1608"}],"version-history":[{"count":12,"href":"https:\/\/amandarackowe.com\/fr\/wp-json\/wp\/v2\/pages\/1608\/revisions"}],"predecessor-version":[{"id":2134,"href":"https:\/\/amandarackowe.com\/fr\/wp-json\/wp\/v2\/pages\/1608\/revisions\/2134"}],"wp:attachment":[{"href":"https:\/\/amandarackowe.com\/fr\/wp-json\/wp\/v2\/media?parent=1608"}],"curies":[{"name":"wp","href":"https:\/\/api.w.org\/{rel}","templated":true}]}}