{"id":1335,"date":"2016-03-17T11:10:42","date_gmt":"2016-03-17T10:10:42","guid":{"rendered":"https:\/\/amandarackowe.com\/?page_id=1335"},"modified":"2025-09-22T11:33:38","modified_gmt":"2025-09-22T09:33:38","slug":"contact","status":"publish","type":"page","link":"https:\/\/amandarackowe.com\/fr\/contact\/","title":{"rendered":"Contacter Amanda Rackowe"},"content":{"rendered":"\n<figure class=\"wp-block-image size-full border\"><img loading=\"lazy\" decoding=\"async\" width=\"900\" height=\"1200\" src=\"https:\/\/amandarackowe.com\/wp-content\/uploads\/2025\/04\/amanda-rackowe-2025.jpg\" alt=\"\" class=\"wp-image-2142\" srcset=\"https:\/\/amandarackowe.com\/wp-content\/uploads\/2025\/04\/amanda-rackowe-2025.jpg 900w, https:\/\/amandarackowe.com\/wp-content\/uploads\/2025\/04\/amanda-rackowe-2025-225x300.jpg 225w, https:\/\/amandarackowe.com\/wp-content\/uploads\/2025\/04\/amanda-rackowe-2025-750x1000.jpg 750w\" sizes=\"auto, (max-width: 900px) 100vw, 900px\" \/><\/figure>\n\n\n\n<p>Pour vous inscrire \u00e0 la liste de diffusion d&rsquo;Amanda, veuillez utiliser le formulaire d&rsquo;inscription qui se trouve <span class=\"form-location-sml\"><b>sous<\/b> le formulaire de contact ci-dessous<\/span><span class=\"form-location-big\">dans la barre lat\u00e9rale \u00e0 droite<\/span>. <\/p>\n\n\n\n<p>Si vous souhaitez des informations sur ses nouvelles \u0153uvres, les prochains rendez-vous en exposition, ou que vous aimeriez acqu\u00e9rir une toile, conna\u00eetre les options de livraison, etc., n&rsquo;h\u00e9sitez pas \u00e0 nous contacter en utilisant le formulaire ci-dessous. Nous serons ravis de vous aider dans votre demande.<br><\/p>\n\n\n\n<div class=\"wpcf7 no-js\" id=\"wpcf7-f1085-o1\" lang=\"en-GB\" dir=\"ltr\" data-wpcf7-id=\"1085\">\n<div class=\"screen-reader-response\"><p role=\"status\" aria-live=\"polite\" aria-atomic=\"true\"><\/p> <ul><\/ul><\/div>\n<form action=\"\/fr\/wp-json\/wp\/v2\/pages\/1335#wpcf7-f1085-o1\" method=\"post\" class=\"wpcf7-form init\" aria-label=\"Contact form\" novalidate=\"novalidate\" data-status=\"init\">\n<fieldset class=\"hidden-fields-container\"><input type=\"hidden\" name=\"_wpcf7\" value=\"1085\" \/><input type=\"hidden\" name=\"_wpcf7_version\" value=\"6.1.5\" \/><input type=\"hidden\" name=\"_wpcf7_locale\" value=\"en_GB\" \/><input type=\"hidden\" name=\"_wpcf7_unit_tag\" value=\"wpcf7-f1085-o1\" \/><input type=\"hidden\" name=\"_wpcf7_container_post\" value=\"0\" \/><input type=\"hidden\" name=\"_wpcf7_posted_data_hash\" value=\"\" \/><input type=\"hidden\" name=\"_wpcf7_recaptcha_response\" value=\"\" \/>\n<\/fieldset>\n<p>Votre nom (obligatoire)\n<\/p>\n<p><span class=\"wpcf7-form-control-wrap\" data-name=\"your-name\"><input size=\"40\" maxlength=\"400\" class=\"wpcf7-form-control wpcf7-text wpcf7-validates-as-required\" aria-required=\"true\" aria-invalid=\"false\" value=\"\" type=\"text\" name=\"your-name\" \/><\/span>\n<\/p>\n<p>Votre Adresse Email (obligatoire)\n<\/p>\n<p><span class=\"wpcf7-form-control-wrap\" data-name=\"your-email\"><input size=\"40\" maxlength=\"400\" class=\"wpcf7-form-control wpcf7-email wpcf7-validates-as-required wpcf7-text wpcf7-validates-as-email\" aria-required=\"true\" aria-invalid=\"false\" value=\"\" type=\"email\" name=\"your-email\" \/><\/span>\n<\/p>\n<p>Sujet\n<\/p>\n<p><span class=\"wpcf7-form-control-wrap\" data-name=\"your-subject\"><input size=\"40\" maxlength=\"400\" class=\"wpcf7-form-control wpcf7-text\" aria-invalid=\"false\" value=\"\" type=\"text\" name=\"your-subject\" \/><\/span>\n<\/p>\n<p>Votre Message\n<\/p>\n<p><span class=\"wpcf7-form-control-wrap\" data-name=\"your-message\"><textarea cols=\"40\" rows=\"10\" maxlength=\"2000\" class=\"wpcf7-form-control wpcf7-textarea\" aria-invalid=\"false\" name=\"your-message\"><\/textarea><\/span>\n<\/p>\n<p><input class=\"wpcf7-form-control wpcf7-submit has-spinner\" type=\"submit\" value=\"Envoyer\" \/>\n<\/p><div class=\"wpcf7-response-output\" aria-hidden=\"true\"><\/div>\n<\/form>\n<\/div>\n","protected":false},"excerpt":{"rendered":"<p>Pour vous inscrire \u00e0 la liste de diffusion d&rsquo;Amanda, veuillez utiliser le formulaire d&rsquo;inscription qui se trouve sous le formulaire de contact ci-dessousdans la barre<\/p>\n","protected":false},"author":1,"featured_media":0,"parent":0,"menu_order":0,"comment_status":"closed","ping_status":"closed","template":"","meta":{"_acf_changed":false,"footnotes":""},"class_list":["post-1335","page","type-page","status-publish","hentry"],"acf":[],"yoast_head":"<!-- This site is optimized with the Yoast SEO plugin v27.3 - https:\/\/yoast.com\/product\/yoast-seo-wordpress\/ -->\n<title>Contacter Amanda Rackowe - Amanda Rackowe<\/title>\n<meta name=\"description\" content=\"Pour des informations sur mes \u0153uvres, mes expositions, ou que vous aimeriez acqu\u00e9rir une toile, n&#039;h\u00e9sitez pas \u00e0 me contacter !\" \/>\n<meta name=\"robots\" content=\"index, follow, max-snippet:-1, max-image-preview:large, max-video-preview:-1\" \/>\n<link rel=\"canonical\" href=\"https:\/\/amandarackowe.com\/fr\/contact\/\" \/>\n<meta property=\"og:locale\" content=\"fr_FR\" \/>\n<meta property=\"og:type\" content=\"article\" \/>\n<meta property=\"og:title\" content=\"Contacter Amanda Rackowe - Amanda Rackowe\" \/>\n<meta property=\"og:description\" content=\"Pour des informations sur mes \u0153uvres, mes expositions, ou que vous aimeriez acqu\u00e9rir une toile, n&#039;h\u00e9sitez pas \u00e0 me contacter !\" \/>\n<meta property=\"og:url\" content=\"https:\/\/amandarackowe.com\/fr\/contact\/\" \/>\n<meta property=\"og:site_name\" content=\"Amanda Rackowe\" \/>\n<meta property=\"article:modified_time\" content=\"2025-09-22T09:33:38+00:00\" \/>\n<meta property=\"og:image\" content=\"https:\/\/amandarackowe.com\/wp-content\/uploads\/2025\/04\/amanda-rackowe-2025.jpg\" \/>\n\t<meta property=\"og:image:width\" content=\"900\" \/>\n\t<meta property=\"og:image:height\" content=\"1200\" \/>\n\t<meta property=\"og:image:type\" content=\"image\/jpeg\" \/>\n<meta name=\"twitter:card\" content=\"summary_large_image\" \/>\n<meta name=\"twitter:label1\" content=\"Dur\u00e9e de lecture estim\u00e9e\" \/>\n\t<meta name=\"twitter:data1\" content=\"1 minute\" \/>\n<script type=\"application\/ld+json\" class=\"yoast-schema-graph\">{\"@context\":\"https:\\\/\\\/schema.org\",\"@graph\":[{\"@type\":\"WebPage\",\"@id\":\"https:\\\/\\\/amandarackowe.com\\\/fr\\\/contact\\\/\",\"url\":\"https:\\\/\\\/amandarackowe.com\\\/fr\\\/contact\\\/\",\"name\":\"Contacter Amanda Rackowe - Amanda Rackowe\",\"isPartOf\":{\"@id\":\"https:\\\/\\\/amandarackowe.com\\\/fr\\\/#website\"},\"primaryImageOfPage\":{\"@id\":\"https:\\\/\\\/amandarackowe.com\\\/fr\\\/contact\\\/#primaryimage\"},\"image\":{\"@id\":\"https:\\\/\\\/amandarackowe.com\\\/fr\\\/contact\\\/#primaryimage\"},\"thumbnailUrl\":\"https:\\\/\\\/amandarackowe.com\\\/wp-content\\\/uploads\\\/2025\\\/04\\\/amanda-rackowe-2025.jpg\",\"datePublished\":\"2016-03-17T10:10:42+00:00\",\"dateModified\":\"2025-09-22T09:33:38+00:00\",\"description\":\"Pour des informations sur mes \u0153uvres, mes expositions, ou que vous aimeriez acqu\u00e9rir une toile, n'h\u00e9sitez pas \u00e0 me contacter !\",\"breadcrumb\":{\"@id\":\"https:\\\/\\\/amandarackowe.com\\\/fr\\\/contact\\\/#breadcrumb\"},\"inLanguage\":\"fr-FR\",\"potentialAction\":[{\"@type\":\"ReadAction\",\"target\":[\"https:\\\/\\\/amandarackowe.com\\\/fr\\\/contact\\\/\"]}]},{\"@type\":\"ImageObject\",\"inLanguage\":\"fr-FR\",\"@id\":\"https:\\\/\\\/amandarackowe.com\\\/fr\\\/contact\\\/#primaryimage\",\"url\":\"https:\\\/\\\/amandarackowe.com\\\/wp-content\\\/uploads\\\/2025\\\/04\\\/amanda-rackowe-2025.jpg\",\"contentUrl\":\"https:\\\/\\\/amandarackowe.com\\\/wp-content\\\/uploads\\\/2025\\\/04\\\/amanda-rackowe-2025.jpg\"},{\"@type\":\"BreadcrumbList\",\"@id\":\"https:\\\/\\\/amandarackowe.com\\\/fr\\\/contact\\\/#breadcrumb\",\"itemListElement\":[{\"@type\":\"ListItem\",\"position\":1,\"name\":\"Home\",\"item\":\"https:\\\/\\\/amandarackowe.com\\\/fr\\\/\"},{\"@type\":\"ListItem\",\"position\":2,\"name\":\"Contacter Amanda Rackowe\"}]},{\"@type\":\"WebSite\",\"@id\":\"https:\\\/\\\/amandarackowe.com\\\/fr\\\/#website\",\"url\":\"https:\\\/\\\/amandarackowe.com\\\/fr\\\/\",\"name\":\"Amanda Rackowe\",\"description\":\"Tableaux Contemporains \",\"potentialAction\":[{\"@type\":\"SearchAction\",\"target\":{\"@type\":\"EntryPoint\",\"urlTemplate\":\"https:\\\/\\\/amandarackowe.com\\\/fr\\\/?s={search_term_string}\"},\"query-input\":{\"@type\":\"PropertyValueSpecification\",\"valueRequired\":true,\"valueName\":\"search_term_string\"}}],\"inLanguage\":\"fr-FR\"}]}<\/script>\n<!-- \/ Yoast SEO plugin. -->","yoast_head_json":{"title":"Contacter Amanda Rackowe - Amanda Rackowe","description":"Pour des informations sur mes \u0153uvres, mes expositions, ou que vous aimeriez acqu\u00e9rir une toile, n'h\u00e9sitez pas \u00e0 me contacter !","robots":{"index":"index","follow":"follow","max-snippet":"max-snippet:-1","max-image-preview":"max-image-preview:large","max-video-preview":"max-video-preview:-1"},"canonical":"https:\/\/amandarackowe.com\/fr\/contact\/","og_locale":"fr_FR","og_type":"article","og_title":"Contacter Amanda Rackowe - Amanda Rackowe","og_description":"Pour des informations sur mes \u0153uvres, mes expositions, ou que vous aimeriez acqu\u00e9rir une toile, n'h\u00e9sitez pas \u00e0 me contacter !","og_url":"https:\/\/amandarackowe.com\/fr\/contact\/","og_site_name":"Amanda Rackowe","article_modified_time":"2025-09-22T09:33:38+00:00","og_image":[{"width":900,"height":1200,"url":"https:\/\/amandarackowe.com\/wp-content\/uploads\/2025\/04\/amanda-rackowe-2025.jpg","type":"image\/jpeg"}],"twitter_card":"summary_large_image","twitter_misc":{"Dur\u00e9e de lecture estim\u00e9e":"1 minute"},"schema":{"@context":"https:\/\/schema.org","@graph":[{"@type":"WebPage","@id":"https:\/\/amandarackowe.com\/fr\/contact\/","url":"https:\/\/amandarackowe.com\/fr\/contact\/","name":"Contacter Amanda Rackowe - Amanda Rackowe","isPartOf":{"@id":"https:\/\/amandarackowe.com\/fr\/#website"},"primaryImageOfPage":{"@id":"https:\/\/amandarackowe.com\/fr\/contact\/#primaryimage"},"image":{"@id":"https:\/\/amandarackowe.com\/fr\/contact\/#primaryimage"},"thumbnailUrl":"https:\/\/amandarackowe.com\/wp-content\/uploads\/2025\/04\/amanda-rackowe-2025.jpg","datePublished":"2016-03-17T10:10:42+00:00","dateModified":"2025-09-22T09:33:38+00:00","description":"Pour des informations sur mes \u0153uvres, mes expositions, ou que vous aimeriez acqu\u00e9rir une toile, n'h\u00e9sitez pas \u00e0 me contacter !","breadcrumb":{"@id":"https:\/\/amandarackowe.com\/fr\/contact\/#breadcrumb"},"inLanguage":"fr-FR","potentialAction":[{"@type":"ReadAction","target":["https:\/\/amandarackowe.com\/fr\/contact\/"]}]},{"@type":"ImageObject","inLanguage":"fr-FR","@id":"https:\/\/amandarackowe.com\/fr\/contact\/#primaryimage","url":"https:\/\/amandarackowe.com\/wp-content\/uploads\/2025\/04\/amanda-rackowe-2025.jpg","contentUrl":"https:\/\/amandarackowe.com\/wp-content\/uploads\/2025\/04\/amanda-rackowe-2025.jpg"},{"@type":"BreadcrumbList","@id":"https:\/\/amandarackowe.com\/fr\/contact\/#breadcrumb","itemListElement":[{"@type":"ListItem","position":1,"name":"Home","item":"https:\/\/amandarackowe.com\/fr\/"},{"@type":"ListItem","position":2,"name":"Contacter Amanda Rackowe"}]},{"@type":"WebSite","@id":"https:\/\/amandarackowe.com\/fr\/#website","url":"https:\/\/amandarackowe.com\/fr\/","name":"Amanda Rackowe","description":"Tableaux Contemporains ","potentialAction":[{"@type":"SearchAction","target":{"@type":"EntryPoint","urlTemplate":"https:\/\/amandarackowe.com\/fr\/?s={search_term_string}"},"query-input":{"@type":"PropertyValueSpecification","valueRequired":true,"valueName":"search_term_string"}}],"inLanguage":"fr-FR"}]}},"_links":{"self":[{"href":"https:\/\/amandarackowe.com\/fr\/wp-json\/wp\/v2\/pages\/1335","targetHints":{"allow":["GET"]}}],"collection":[{"href":"https:\/\/amandarackowe.com\/fr\/wp-json\/wp\/v2\/pages"}],"about":[{"href":"https:\/\/amandarackowe.com\/fr\/wp-json\/wp\/v2\/types\/page"}],"author":[{"embeddable":true,"href":"https:\/\/amandarackowe.com\/fr\/wp-json\/wp\/v2\/users\/1"}],"replies":[{"embeddable":true,"href":"https:\/\/amandarackowe.com\/fr\/wp-json\/wp\/v2\/comments?post=1335"}],"version-history":[{"count":11,"href":"https:\/\/amandarackowe.com\/fr\/wp-json\/wp\/v2\/pages\/1335\/revisions"}],"predecessor-version":[{"id":2180,"href":"https:\/\/amandarackowe.com\/fr\/wp-json\/wp\/v2\/pages\/1335\/revisions\/2180"}],"wp:attachment":[{"href":"https:\/\/amandarackowe.com\/fr\/wp-json\/wp\/v2\/media?parent=1335"}],"curies":[{"name":"wp","href":"https:\/\/api.w.org\/{rel}","templated":true}]}}