{"id":1058,"date":"2016-07-11T15:58:18","date_gmt":"2016-07-11T13:58:18","guid":{"rendered":"https:\/\/amandarackowe.com\/exhibitions\/"},"modified":"2026-03-31T10:25:35","modified_gmt":"2026-03-31T08:25:35","slug":"expositions","status":"publish","type":"page","link":"https:\/\/amandarackowe.com\/fr\/expositions\/","title":{"rendered":"Expositions pr\u00e9c\u00e9dentes &#038; \u00e0 venir"},"content":{"rendered":"\n<figure class=\"wp-block-image size-large\"><img loading=\"lazy\" decoding=\"async\" width=\"1000\" height=\"606\" src=\"https:\/\/amandarackowe.com\/wp-content\/uploads\/2020\/03\/amanda-rackowe-exhibitions-1000x606.jpg\" alt=\"amanda rackowe exhibitions\" class=\"wp-image-1306\" srcset=\"https:\/\/amandarackowe.com\/wp-content\/uploads\/2020\/03\/amanda-rackowe-exhibitions-1000x606.jpg 1000w, https:\/\/amandarackowe.com\/wp-content\/uploads\/2020\/03\/amanda-rackowe-exhibitions-300x182.jpg 300w, https:\/\/amandarackowe.com\/wp-content\/uploads\/2020\/03\/amanda-rackowe-exhibitions.jpg 1400w\" sizes=\"auto, (max-width: 1000px) 100vw, 1000px\" \/><\/figure>\n\n\n\n<hr class=\"wp-block-separator has-css-opacity\"\/>\n\n\n\n<h2 class=\"wp-block-heading\">Expositions \u00e0 venir<\/h2>\n\n\n\n<ul class=\"wp-block-list\">\n<li>6 au 17 mai \u00a0<br><strong>Exposition du Rotary Club de Chartres deux vall\u00e9es : <\/strong>La Coll\u00e9giale de Saint Andr\u00e9 Chartres<\/li>\n\n\n\n<li>6 au 12 juillet\u00a0<br><strong>Exposition personnelle: \u00a0\u00ab\u00a0Entre Marais et Mar\u00e9es\u00a0\u00bb : <\/strong>L&rsquo;ancien abri du canot de sauvetage, Port de Saint Denis\u00a017650 St Denis d&rsquo;Ol\u00e9ron<\/li>\n\n\n\n<li>17 au 20 septembre<br><strong>Exposition collective de Carpe Diem :<\/strong> L&rsquo;Abbaye de Chancelade, 24650 Chancelade<\/li>\n\n\n\n<li>27 octobre au 11 novembre<br><strong>Exposition collective: \u00ab\u00a0Les Arts au Ch\u00e2teau\u00a0\u00bb : <\/strong>24240 Saussignac<\/li>\n\n\n\n<li>27 octobre au 11 novembre<br><strong>Salon d&rsquo;Automne: section \u00ab\u00a0H\u00e9ritage et Innovation\u00a0\u00bb<\/strong> : Place de la Concorde, Paris<\/li>\n\n\n\n<li>7 au 17 novembre<br><strong>Exposition\u00a0Personnelle \u00e0 Galerie Gavart :<\/strong> 5 Rue d&rsquo;Argenson, 75008 Paris<\/li>\n<\/ul>\n\n\n\n<h3 class=\"wp-block-heading\">2026<\/h3>\n\n\n\n<ul class=\"wp-block-list\">\n<li>5 mars au 11 avril <br><strong>Exposition \u00ab\u00a0Car N\u00e9 du Voyage\u00a0\u00bb<\/strong> : \u00c9space Art et Libert\u00e9, Centre commercial La Coupole, 94220 Charenton-Le-Pont<\/li>\n\n\n\n<li>Mars<br><strong>Exposition personnelle \u00ab\u00a0La Lumi\u00e8re Traduite\u00a0\u00bb\u00a0<\/strong>: Le Ch\u00e2teau des Izards, Coulounieix Chamiers (24)<\/li>\n\n\n\n<li>F\u00e9vrier<br><strong>Exposition collective: \u00ab\u00a0Salon Renc&rsquo;art 2026\u00a0\u00bb\u00a0<\/strong>: Tr\u00e9mentines (49)<\/li>\n\n\n\n<li><strong>Figuration In\u00e9vitable\u2019 au Salon Comparaisons, Art Capital<\/strong> : Le Grand Palais, Paris<\/li>\n\n\n\n<li><strong>Salon des Artistes Fran\u00e7ais, Art Capital<\/strong> : Le Grand Palais, Paris<\/li>\n\n\n\n<li>janvier<br><strong>Exposition\u00a0Personnelle \u00e0 Galerie Gavart : <\/strong>5 Rue d&rsquo;Argenson, Paris 8e<\/li>\n<\/ul>\n\n\n\n<h3 class=\"wp-block-heading\">2025<\/h3>\n\n\n\n<ul class=\"wp-block-list\">\n<li>29 octobre \u2013 2 novembre 2025<br><strong>Salon d\u2019Automne \u2013 Groupe \u00ab H\u00e9ritage et Innovation \u00bb<\/strong> : Place de la Concorde, Paris<\/li>\n\n\n\n<li>25 octobre \u2013 8 novembre 2025<br><strong>Salon biennal de la Soci\u00e9t\u00e9 des Beaux-Arts du P\u00e9rigord<\/strong> : Th\u00e9\u00e2tre Odyss\u00e9e, P\u00e9rigueux (24)<\/li>\n\n\n\n<li>12 \u2013 19 octobre 2025<br><strong>Salon des arts de la ville de Cholet <\/strong>: Salle des f\u00eates, Cholet (49)<\/li>\n\n\n\n<li>29 A\u00f4ut \u2013 4 Septembre<br><strong>Exposition personelle<\/strong>: L\u2019ancienne cri\u00e9e, La Cotini\u00e8re, \u00eele d\u2019Ol\u00e9ron (17)<\/li>\n\n\n\n<li>30 Juillet \u2013 11 A\u00f4ut 2025<br><strong>Groupe \u2018Figuration In\u00e9vitable\u2019 Exposition de l\u2019\u00e9t\u00e9<\/strong>: L\u2019Orangerie du S\u00e9nat, Jardins de Luxembourg, Paris<\/li>\n\n\n\n<li>Avril 2025<br><strong>Exposition personelle<\/strong>: Bookstop, Brant\u00f4me (24)<\/li>\n\n\n\n<li>Avril 2025<br><strong>La Soci\u00e9t\u00e9 des Beaux-Arts du P\u00e9rigord<\/strong>: Galerie de Bim\u2019Art, St Laurent sur Manoire (24)<\/li>\n\n\n\n<li>18 \u2013 22 F\u00e9vrier 2025<br><strong>\u2018Figuration In\u00e9vitable\u2019 au Salon Comparaisons, Art Capital<\/strong>: Le Grand Palais,  Paris<\/li>\n<\/ul>\n\n\n\n<h3 class=\"wp-block-heading\">2024<\/h3>\n\n\n\n<ul class=\"wp-block-list\">\n<li>23 Novembre \u2013 1 D\u00e9cembre<br><strong>Salon des Grands Formats<\/strong>&nbsp;( SBAP); Odyss\u00e9e Th\u00e9\u00e2tre, P\u00e9rigueux (24)<\/li>\n\n\n\n<li>13 \u2013 31 Juillet<br><strong>2\u00e8me Salon d\u2019art contemporain de la Soci\u00e9t\u00e9 des Beaux Arts en P\u00e9rigord<\/strong>, (SBAP) Le Bugue (24)<\/li>\n\n\n\n<li>15\/16 Juin<br><strong>Group exhibition \u201cArtvinsmusiciens\u201d&nbsp;<\/strong>\u00e0 Monbazillac (24)<br><strong>Group exhibition Les Arts<\/strong>&nbsp;\u00e0 Monflanquin&nbsp;(24)<\/li>\n\n\n\n<li>Mai<br><strong>La Galerie\u2026<\/strong>&nbsp;Place du ch\u00e2teau, Sainte Alv\u00e8re (24). Permanent exhibition: official opening 4 May at 11am. (Saturday 2-6pm, Sunday \/ Monday 10-6pm<\/li>\n\n\n\n<li>28 mars &#8211; 04 Avril<br><strong>\u00ab\u00a0Ol\u00e9ron, La lumineuse\u00a0\u00bb<\/strong> exposition solo \u00e0 L&rsquo;ancienne Cri\u00e9e, La Cotini\u00e8re, Ile d&rsquo;Ol\u00e9ron (17)<\/li>\n\n\n\n<li>13-18 f\u00e9vrier<br><strong>Art Capital: <\/strong>Le Grand Palais Eph\u00e9m\u00e8re, Paris, Salons des Artistes Fran\u00e7ais and Salon Comparaisons<\/li>\n<\/ul>\n\n\n\n<h3 class=\"wp-block-heading\">2023<\/h3>\n\n\n\n<ul class=\"wp-block-list\">\n<li>Octobre 14-28<br><strong>Salon Biennale :&nbsp;&nbsp;<\/strong>La Soci\u00e9t\u00e9 de Beaux Arts en P\u00e9rigord, Odyss\u00e9e Th\u00e9\u00e2tre, P\u00e9rigueux, (24) France (invit\u00e9 d\u2019honneur : Andrew Gifford)<\/li>\n\n\n\n<li>Ao\u00fbt 30 &#8211; Octobre 10<br><strong>Galerie 38 Bis Quai des Arts,<\/strong> 276 Ave Thiers, Sarlat-la Can\u00e9da (24) (oeuvres contemporaines)<\/li>\n\n\n\n<li>Juillet 13-30<br><strong>1er Salon d\u2019Art Contemporain au Bugue:&nbsp;<\/strong>La Mediatheque, Le Bugue (24)<\/li>\n\n\n\n<li>June 11 &#8211; July 11<br><strong>Galerie du Ch\u00e2teau<\/strong>, Ste Alv\u00e8re (24) (\u0153uvres contemporaines)<\/li>\n\n\n\n<li>Juin 19-25<br><strong>\u201cReflets d\u2019Ol\u00e9ron:\u201d <\/strong>Exposition solo \u00e0 L\u2019ancien Abri de Canot de Sauvetage, Port de St Denis d\u2019Ol\u00e9ron (17)<\/li>\n\n\n\n<li>Avril 26 &#8211; Juin 06<br><strong>Galerie 38 Bis Quai des Arts<\/strong>, 276 Ave Thiers, Sarlat-la Can\u00e9da (24) (\u0153uvres contemporaines)<\/li>\n\n\n\n<li>F\u00e9vrier 04-19<strong> <\/strong><br><strong>\u201cDerri\u00e8re le Rideau\u201d<\/strong> &nbsp;La Soci\u00e9t\u00e9 des Beaux Arts du P\u00e9rigord, Galerie Bim\u2019Art, St Laurent sur Manoire (24)<\/li>\n<\/ul>\n\n\n\n<h3 class=\"wp-block-heading\">2022<\/h3>\n\n\n\n<ul class=\"wp-block-list\">\n<li>Novembre 12-20 <br><strong>Exposition: Salle Municipale<\/strong> <strong>:<\/strong> Manzac-sur-Vern (24) Ouvert: 14h-18h. Vernissage: 12 novembre \u00e0 18h<\/li>\n\n\n\n<li>Octobre 22-29<br><em><strong>Expositions de Petits Formats : <\/strong><\/em> La Soci\u00e9t\u00e9 des Beaux Arts du P\u00e9rigord, Salle Floriat du Th\u00e9\u00e2tre de P\u00e9rigueux (24)<\/li>\n<\/ul>\n\n\n\n<ul class=\"wp-block-list\">\n<li>Septembre 24-25<br><em><strong>Lire en Bastides :<\/strong><\/em> Festival Litt\u00e9raire de Lalinde (24) (FR artiste invit\u00e9)<\/li>\n<\/ul>\n\n\n\n<ul class=\"wp-block-list\">\n<li>Ao\u00fbt 15-31<br><em><strong>Exposition Solo :<\/strong><\/em> Galerie des Id\u00e9es et des Arts, 1 bis Rue Lanmary, 24000 P\u00e9rigueux&nbsp;<\/li>\n<\/ul>\n\n\n\n<ul class=\"wp-block-list\">\n<li>Juillet 1-31<br><strong><em>Expo duo avec<\/em><\/strong> <strong><em>Emmanuel Noallier:<\/em><\/strong> Galerie Quai des Arts, 17190 Boyardville, \u00cele d\u2019Ol\u00e9ron<\/li>\n<\/ul>\n\n\n\n<ul class=\"wp-block-list\">\n<li>Juin 25-26 <br><strong><em>Livre en f\u00eate \u00e0 Champcevinel (24):<\/em><\/strong> Artiste d\u2019honneur<\/li>\n<\/ul>\n\n\n\n<ul class=\"wp-block-list\">\n<li>Avril 8-10<br><strong><em>Art au C\u0153ur de Vignes:<\/em><\/strong> Vernissage 8 April @ 18h. Sat\/ Sun: 10h-18h. Au chai du Domaine Grange Neuve Pomport (24)<\/li>\n<\/ul>\n\n\n\n<ul class=\"wp-block-list\">\n<li>Avril 5 &#8211; 24<br><strong><em>Exposition&nbsp;Cinespagnol:<\/em><\/strong> 9h-12h30 \/ 13h30- 18h (ferm\u00e9e : lundi de P\u00e2ques). Odyss\u00e9e Th\u00e9\u00e2tre, P\u00e9rigueux (24) <\/li>\n<\/ul>\n\n\n\n<ul class=\"wp-block-list\">\n<li>Mars 11-13 <br><strong><em>Art 3f Nantes:<\/em><\/strong> Salon d\u2019Art Contemporain, Parc Exponantes Salle XXL, Nantes (44)<\/li>\n<\/ul>\n\n\n\n<ul class=\"wp-block-list\">\n<li>F\u00e9vrier 12 &#8211; 27<br><em><strong>Spectacle et Lumi\u00e8re<\/strong>:<\/em> La Soci\u00e9t\u00e9 des Beaux Arts du P\u00e9rigord, Galerie Bim\u2019Art, St Laurent sur Manoire (24)<\/li>\n<\/ul>\n\n\n\n<h3 class=\"wp-block-heading\">2021<\/h3>\n\n\n\n<ul class=\"wp-block-list\">\n<li><strong><em>Biennale Salon:&nbsp;<\/em><\/strong> La Soci\u00e9t\u00e9 de Beaux Arts en P\u00e9rigord, Odyss\u00e9e Th\u00e9\u00e2tre, P\u00e9rigueux, (24) France<\/li>\n\n\n\n<li><strong><em>En Traversant Le Pont<\/em><\/strong>: Expo duo avec Emmanuel Nouallier. L\u2019ancien l\u2019abri de canot de sauvetage, St Denis, \u00cele d\u2019Ol\u00e9ron, (17) France<\/li>\n<\/ul>\n\n\n\n<h3 class=\"wp-block-heading\">2020<\/h3>\n\n\n\n<ul class=\"wp-block-list\">\n<li><strong><em>\u2018Reflets d\u2019Ol\u00e9ron\u2019 solo show:<\/em>  <\/strong>Restaurant L\u2019Escalier, Verteillac, (24) France<\/li>\n\n\n\n<li><strong><em>Itin\u00e9raires-art contemporain \u2018Regards d\u2019Encre\u2019-Art et Poesie&rsquo;:&nbsp; <\/em><\/strong>Pavilion de Verdurier, Limoges, (87) France et&nbsp;Galerie \u00e0 l\u2019\u00c9cu de France, Viroflay (78) France<\/li>\n\n\n\n<li><em><strong>\u201cLe Temps qui Pass\u00e9\u201d<\/strong> :<\/em> La Soci\u00e9t\u00e9 de Beaux Arts en P\u00e9rigord: St Laurent de Manoire, (24) France.<\/li>\n<\/ul>\n\n\n\n<hr class=\"wp-block-separator has-css-opacity\"\/>\n\n\n\n<h3 class=\"wp-block-heading\">2019<\/h3>\n\n\n\n<ul class=\"wp-block-list\">\n<li><em>Biennale Salon:<\/em> La Societ\u00e9 de Beaux Arts en P\u00e9rigord:  Odyss\u00e9e Th\u00e9\u00e0tre, P\u00e9rigueux, (24) France<\/li>\n\n\n\n<li><em>19\u00e8me Salon de Sanilh\u2019art:<\/em>  Notre Dame de Sanilhac, (24) France<\/li>\n\n\n\n<li><em>\u201cReflets d\u2019Ol\u00e9ron\u201d solo artist show<\/em>:  L\u2019ancien l\u2019abri de canot de sauvetage, St Denis, \u00cele d\u2019Ol\u00e9ron, (17) France<\/li>\n\n\n\n<li><em>2\u00e8me salon du festival de \u201cD\u00e9cades de la Peinture\u201d <\/em>:  Brioude, (63) France<\/li>\n\n\n\n<li><em>Salon de Printemps de l\u2019art figurative de \u2018La Gare des Arts\u2019<\/em>:  Abbaye de Brantome, (24) France<\/li>\n\n\n\n<li><em>Exposant de Salon d\u2019Art Contemporain 3F<\/em> : Parc des expositions de La Beaujoire, Nantes, (44) France<\/li>\n\n\n\n<li><em>\u201cRetour aux Silos\u201d solo artist show: <\/em>  Office de Tourisme, Riberac, (24) France<\/li>\n<\/ul>\n\n\n\n<hr class=\"wp-block-separator has-css-opacity\"\/>\n\n\n\n<h3 class=\"wp-block-heading\">2018<\/h3>\n\n\n\n<ul class=\"wp-block-list\">\n<li><em>Exposition de No\u00ebl:<\/em> Galerie L\u2019App\u2019art, P\u00e9rigueux, (24)France<\/li>\n\n\n\n<li><em>Salon d\u2019Automne de l\u2019art figurative de \u2018La Gare des Arts\u2019<\/em>, <br>Abbaye de Brantome, (24) France<\/li>\n\n\n\n<li><em>Exposition en duo:<\/em> Restaurant \u2018Le Confidentiel\u2019 Bordeaux, (33) France<\/li>\n\n\n\n<li><em>Salon de Printemps de l\u2019art figurative de \u2018La Gare des Arts\u2019: <\/em> Abbaye de Brantome, (24) France<\/li>\n\n\n\n<li><em>Exposition d\u2019oeuvres \u00e0 la Galerie Jaf\u2019art: <\/em> Pont Aven, (29) France<\/li>\n\n\n\n<li><em>Exposant de Salon d\u2019Art Contemporain 3F <\/em>:  Parc des expositions de La Beaujoire, Nantes, (44) France<\/li>\n\n\n\n<li><em>\u201c L\u2019Art est Urbain\u201d duo artist show:<\/em>  Chateau des Izards, Coulounieix Chamiers, (24) France<\/li>\n<\/ul>\n\n\n\n<h3 class=\"wp-block-heading\">2017<\/h3>\n\n\n\n<ul class=\"wp-block-list\">\n<li><em>Exposant de Salon d\u2019Art Contemporain 3F <\/em>: Bruxelles, Belgique<\/li>\n\n\n\n<li><em>Exposant de Salon d\u2019Art Contemporain 3F <\/em>: Parc d\u2019expositions, Bordeaux Lac, (33) France<\/li>\n\n\n\n<li><em>Salon d\u2019Automne de l\u2019art figurative de \u2018La Gare des Arts\u2019 :<\/em><br>  Abbaye de Brantome, (24) France<\/li>\n\n\n\n<li><em>17\u00e8me Salon de Sanilh\u2019art<\/em>: Notre Dame de Sanilhac, (24) France<\/li>\n\n\n\n<li><em>\u201cFrom 24 to16\u201d solo artist show: <\/em>Office de Tourisme, Aubeterre, (16) France<\/li>\n\n\n\n<li><em>Riber\u2019art Salon d\u2019Art Contemporain: <\/em>Espace Andre Malraux, Riberac, (24) France<\/li>\n\n\n\n<li><em>\u201cBordeaux: Urban scenes and Abstractions\u201d<\/em> : solo artist show, <br> Galerie L\u2019App\u2019art, P\u00e9rigueux, (24) France<\/li>\n\n\n\n<li><em>Salon de Printemps de l\u2019art figurative de \u2018La Gare des Arts\u2019: <\/em><br> Abbaye de Brantome, (24) France<\/li>\n\n\n\n<li><em>Exposition  des Journ\u00e9es Metiers d\u2019Art:<\/em> Verteillac, (24) France<\/li>\n\n\n\n<li><em>\u201cTrois Kilometres Autour d\u2019un Silo\u201d:<\/em> solo artist show,<br> Office de Tourisme, Riberac, (24) France<\/li>\n<\/ul>\n\n\n\n<h3 class=\"wp-block-heading\">2016<\/h3>\n\n\n\n<ul class=\"wp-block-list\">\n<li><em>Exposition de No\u00ebl <\/em>: Galerie L\u2019App\u2019art, P\u00e9rigueux, (24) France<\/li>\n\n\n\n<li><em>Salon d\u2019Automne de l\u2019art figurative de \u2018La Gare des Arts\u2019: <\/em><br> Abbaye de Brantome, (24) France<\/li>\n\n\n\n<li><em>Salon de Printemps de l\u2019art figurative de \u2018La Gare des Arts\u2019: <\/em> Abbaye de Brantome, (24) France<\/li>\n\n\n\n<li><em>Exposition des Journ\u00e9es Metiers d\u2019Art:<\/em>  La Coll\u00e9giale, Riberac, (24) France<\/li>\n<\/ul>\n\n\n\n<h3 class=\"wp-block-heading\">2015<\/h3>\n\n\n\n<ul class=\"wp-block-list\">\n<li><em>Exposition d\u2019hiver<\/em>: Galerie L\u2019App\u2019art, P\u00e9rigueux, (24) France<\/li>\n\n\n\n<li><em>Salon d\u2019Automne de l\u2019art figurative de \u2018La Gare des Arts\u2019<\/em>: Abbaye de Brantome, (24) France  <\/li>\n\n\n\n<li><em>Salon de Printemps de l\u2019art figurative de \u2018La Gare des Arts\u2019: <\/em> Abbaye de Brantome, (24) France<\/li>\n\n\n\n<li><em>Exposition des Journ\u00e9es Metiers d\u2019Art:<\/em>  La Coll\u00e9giale, Riberac, (24) <\/li>\n<\/ul>\n\n\n\n<h3 class=\"wp-block-heading\">2014<\/h3>\n\n\n\n<ul class=\"wp-block-list\">\n<li><em>Collectif Contempora:<\/em> Sparkasse, Reitberg, Germany<\/li>\n\n\n\n<li><em>Solo exhibition:<\/em> L\u2019Office de Tourisme, Riberac (24) France<\/li>\n<\/ul>\n\n\n\n<h3 class=\"wp-block-heading\">2013<\/h3>\n\n\n\n<ul class=\"wp-block-list\">\n<li><em>Exposition collective: <\/em>L\u2019Eglise de Douchapt, (24) France<\/li>\n\n\n\n<li><em>Solo exhibition:<\/em> Auberge \u2018 Au Bon Vivre\u2019, Douchapt, (24) France<\/li>\n\n\n\n<li><em>Collectif Contempora<\/em> Cantine de Conseil Generale de la Dordogne, P\u00e9rigueux, (24) France<\/li>\n\n\n\n<li><em>Collectif Contempora:<\/em> Manoir de Longeveau, (16) France<\/li>\n\n\n\n<li><em>Collective show:<\/em> L\u2019Abri d\u2019Art, Vanxains (24) France<\/li>\n\n\n\n<li><em>Solo exhibition: <\/em>Restaurant \u2018La Licorne\u2019 , Luisignac, (24) France<\/li>\n<\/ul>\n\n\n\n<h3 class=\"wp-block-heading\">2012<\/h3>\n\n\n\n<ul class=\"wp-block-list\">\n<li><em>Collectif Contempora,<\/em> Chateau de Montbron, (16), France <\/li>\n\n\n\n<li><em>Collective exhibition:<\/em> L\u2019Abri d\u2019Art, Vanxains (24) France<\/li>\n<\/ul>\n\n\n\n<h3 class=\"wp-block-heading\">2011<\/h3>\n\n\n\n<p><em>L\u2019Office de Tourisme: Solo artist show,<\/em> Riberac (24) France<\/p>\n\n\n\n<h3 class=\"wp-block-heading\">2010<\/h3>\n\n\n\n<ul class=\"wp-block-list\">\n<li><em>Summer group show:<\/em> The North Gallery, Hailsham, E Sussex, UK<\/li>\n\n\n\n<li><em>Collectif Contempora:<\/em> Atelier Contempora, Riberac (24) France<\/li>\n\n\n\n<li><em>Group exhibition: <\/em>Salle d\u2019Horologe, St Aulaye (24) France<\/li>\n\n\n\n<li><em>Collectif Contempora:<\/em> ABC D\u00e9co, Castelnaud (24) France<\/li>\n\n\n\n<li><em>Group Exhibition:<\/em> La Perdrix, St Martin de Riberac, (24) France<\/li>\n\n\n\n<li><em>Collectif Contempora: <\/em>Office de Tourisme, Aubeterre, (16) France<\/li>\n\n\n\n<li><em>Collectif Contempora<\/em>: Abbaye de Fontdouce (17) France<\/li>\n\n\n\n<li><em>Collectif Contempora:<\/em> Chateau des  Izards, Coulonieix-Chamiers (24) France<\/li>\n<\/ul>\n\n\n\n<h3 class=\"wp-block-heading\">2009<\/h3>\n\n\n\n<ul class=\"wp-block-list\">\n<li><em>Solo exhibition:<\/em> L\u2019Auberge \u2018Les Delices de la Treille\u2019, Montagrier (24) France<\/li>\n\n\n\n<li><em>Solo Exhibition: <\/em>Restaurant \u2018La Licorne\u2019, Lusignac (24) France<\/li>\n\n\n\n<li><em>Collective exhibition: <\/em>Salle d\u2019Horologe, St Aulaye (24) France<\/li>\n\n\n\n<li><em>Collectif Contempora:<\/em> Galerie des Arts, Verteillac (24) France<\/li>\n\n\n\n<li><em>Collectif Contempora<\/em>: Chateau d\u2019Exideuil, (24) France<\/li>\n\n\n\n<li><em>Collective exhibition:<\/em> DDAS, Perigueux (24) France<\/li>\n<\/ul>\n\n\n\n<h3 class=\"wp-block-heading\">2008 -2012<\/h3>\n\n\n\n<p>Exhibitor and organizer of exhibitions at Le Perroquet Vert, Chalais (24) France<\/p>\n\n\n\n<h3 class=\"wp-block-heading\">2007 &#8211; 2009<\/h3>\n\n\n\n<p>Galerie 4 Saisons, St Aulaye (24) France<\/p>\n","protected":false},"excerpt":{"rendered":"<p>Expositions \u00e0 venir 2026 2025 2024 2023 2022 2021 2020 2019 2018 2017 2016 2015 2014 2013 2012 2011 L\u2019Office de Tourisme: Solo artist show,<\/p>\n","protected":false},"author":1,"featured_media":0,"parent":0,"menu_order":0,"comment_status":"closed","ping_status":"closed","template":"","meta":{"_acf_changed":false,"footnotes":""},"class_list":["post-1058","page","type-page","status-publish","hentry"],"acf":[],"yoast_head":"<!-- This site is optimized with the Yoast SEO plugin v27.3 - https:\/\/yoast.com\/product\/yoast-seo-wordpress\/ -->\n<title>Les expositions pr\u00e9c\u00e9dentes &amp; \u00e0 venir d&#039;Amanda Rackowe<\/title>\n<meta name=\"description\" content=\"L&#039;artiste Amanda Rackowe cr\u00e9e des peintures \u00e0 l&#039;huile contemporaines de paysages et de sc\u00e8nes urbaines. Elle expose fr\u00e9quemment dans toute la France.\" \/>\n<meta name=\"robots\" content=\"index, follow, max-snippet:-1, max-image-preview:large, max-video-preview:-1\" \/>\n<link rel=\"canonical\" href=\"https:\/\/amandarackowe.com\/fr\/expositions\/\" \/>\n<meta property=\"og:locale\" content=\"fr_FR\" \/>\n<meta property=\"og:type\" content=\"article\" \/>\n<meta property=\"og:title\" content=\"Les expositions pr\u00e9c\u00e9dentes &amp; \u00e0 venir d&#039;Amanda Rackowe\" \/>\n<meta property=\"og:description\" content=\"L&#039;artiste Amanda Rackowe cr\u00e9e des peintures \u00e0 l&#039;huile contemporaines de paysages et de sc\u00e8nes urbaines. Elle expose fr\u00e9quemment dans toute la France.\" \/>\n<meta property=\"og:url\" content=\"https:\/\/amandarackowe.com\/fr\/expositions\/\" \/>\n<meta property=\"og:site_name\" content=\"Amanda Rackowe\" \/>\n<meta property=\"article:modified_time\" content=\"2026-03-31T08:25:35+00:00\" \/>\n<meta property=\"og:image\" content=\"https:\/\/amandarackowe.com\/wp-content\/uploads\/2020\/03\/amanda-rackowe-exhibitions.jpg\" \/>\n\t<meta property=\"og:image:width\" content=\"1400\" \/>\n\t<meta property=\"og:image:height\" content=\"849\" \/>\n\t<meta property=\"og:image:type\" content=\"image\/jpeg\" \/>\n<meta name=\"twitter:card\" content=\"summary_large_image\" \/>\n<meta name=\"twitter:label1\" content=\"Dur\u00e9e de lecture estim\u00e9e\" \/>\n\t<meta name=\"twitter:data1\" content=\"7 minutes\" \/>\n<script type=\"application\/ld+json\" class=\"yoast-schema-graph\">{\"@context\":\"https:\\\/\\\/schema.org\",\"@graph\":[{\"@type\":\"WebPage\",\"@id\":\"https:\\\/\\\/amandarackowe.com\\\/fr\\\/expositions\\\/\",\"url\":\"https:\\\/\\\/amandarackowe.com\\\/fr\\\/expositions\\\/\",\"name\":\"Les expositions pr\u00e9c\u00e9dentes & \u00e0 venir d'Amanda Rackowe\",\"isPartOf\":{\"@id\":\"https:\\\/\\\/amandarackowe.com\\\/fr\\\/#website\"},\"primaryImageOfPage\":{\"@id\":\"https:\\\/\\\/amandarackowe.com\\\/fr\\\/expositions\\\/#primaryimage\"},\"image\":{\"@id\":\"https:\\\/\\\/amandarackowe.com\\\/fr\\\/expositions\\\/#primaryimage\"},\"thumbnailUrl\":\"https:\\\/\\\/amandarackowe.com\\\/wp-content\\\/uploads\\\/2020\\\/03\\\/amanda-rackowe-exhibitions-1000x606.jpg\",\"datePublished\":\"2016-07-11T13:58:18+00:00\",\"dateModified\":\"2026-03-31T08:25:35+00:00\",\"description\":\"L'artiste Amanda Rackowe cr\u00e9e des peintures \u00e0 l'huile contemporaines de paysages et de sc\u00e8nes urbaines. Elle expose fr\u00e9quemment dans toute la France.\",\"breadcrumb\":{\"@id\":\"https:\\\/\\\/amandarackowe.com\\\/fr\\\/expositions\\\/#breadcrumb\"},\"inLanguage\":\"fr-FR\",\"potentialAction\":[{\"@type\":\"ReadAction\",\"target\":[\"https:\\\/\\\/amandarackowe.com\\\/fr\\\/expositions\\\/\"]}]},{\"@type\":\"ImageObject\",\"inLanguage\":\"fr-FR\",\"@id\":\"https:\\\/\\\/amandarackowe.com\\\/fr\\\/expositions\\\/#primaryimage\",\"url\":\"https:\\\/\\\/amandarackowe.com\\\/wp-content\\\/uploads\\\/2020\\\/03\\\/amanda-rackowe-exhibitions-1000x606.jpg\",\"contentUrl\":\"https:\\\/\\\/amandarackowe.com\\\/wp-content\\\/uploads\\\/2020\\\/03\\\/amanda-rackowe-exhibitions-1000x606.jpg\"},{\"@type\":\"BreadcrumbList\",\"@id\":\"https:\\\/\\\/amandarackowe.com\\\/fr\\\/expositions\\\/#breadcrumb\",\"itemListElement\":[{\"@type\":\"ListItem\",\"position\":1,\"name\":\"Home\",\"item\":\"https:\\\/\\\/amandarackowe.com\\\/fr\\\/\"},{\"@type\":\"ListItem\",\"position\":2,\"name\":\"Expositions pr\u00e9c\u00e9dentes &#038; \u00e0 venir\"}]},{\"@type\":\"WebSite\",\"@id\":\"https:\\\/\\\/amandarackowe.com\\\/fr\\\/#website\",\"url\":\"https:\\\/\\\/amandarackowe.com\\\/fr\\\/\",\"name\":\"Amanda Rackowe\",\"description\":\"Tableaux Contemporains \",\"potentialAction\":[{\"@type\":\"SearchAction\",\"target\":{\"@type\":\"EntryPoint\",\"urlTemplate\":\"https:\\\/\\\/amandarackowe.com\\\/fr\\\/?s={search_term_string}\"},\"query-input\":{\"@type\":\"PropertyValueSpecification\",\"valueRequired\":true,\"valueName\":\"search_term_string\"}}],\"inLanguage\":\"fr-FR\"}]}<\/script>\n<!-- \/ Yoast SEO plugin. -->","yoast_head_json":{"title":"Les expositions pr\u00e9c\u00e9dentes & \u00e0 venir d'Amanda Rackowe","description":"L'artiste Amanda Rackowe cr\u00e9e des peintures \u00e0 l'huile contemporaines de paysages et de sc\u00e8nes urbaines. Elle expose fr\u00e9quemment dans toute la France.","robots":{"index":"index","follow":"follow","max-snippet":"max-snippet:-1","max-image-preview":"max-image-preview:large","max-video-preview":"max-video-preview:-1"},"canonical":"https:\/\/amandarackowe.com\/fr\/expositions\/","og_locale":"fr_FR","og_type":"article","og_title":"Les expositions pr\u00e9c\u00e9dentes & \u00e0 venir d'Amanda Rackowe","og_description":"L'artiste Amanda Rackowe cr\u00e9e des peintures \u00e0 l'huile contemporaines de paysages et de sc\u00e8nes urbaines. Elle expose fr\u00e9quemment dans toute la France.","og_url":"https:\/\/amandarackowe.com\/fr\/expositions\/","og_site_name":"Amanda Rackowe","article_modified_time":"2026-03-31T08:25:35+00:00","og_image":[{"width":1400,"height":849,"url":"https:\/\/amandarackowe.com\/wp-content\/uploads\/2020\/03\/amanda-rackowe-exhibitions.jpg","type":"image\/jpeg"}],"twitter_card":"summary_large_image","twitter_misc":{"Dur\u00e9e de lecture estim\u00e9e":"7 minutes"},"schema":{"@context":"https:\/\/schema.org","@graph":[{"@type":"WebPage","@id":"https:\/\/amandarackowe.com\/fr\/expositions\/","url":"https:\/\/amandarackowe.com\/fr\/expositions\/","name":"Les expositions pr\u00e9c\u00e9dentes & \u00e0 venir d'Amanda Rackowe","isPartOf":{"@id":"https:\/\/amandarackowe.com\/fr\/#website"},"primaryImageOfPage":{"@id":"https:\/\/amandarackowe.com\/fr\/expositions\/#primaryimage"},"image":{"@id":"https:\/\/amandarackowe.com\/fr\/expositions\/#primaryimage"},"thumbnailUrl":"https:\/\/amandarackowe.com\/wp-content\/uploads\/2020\/03\/amanda-rackowe-exhibitions-1000x606.jpg","datePublished":"2016-07-11T13:58:18+00:00","dateModified":"2026-03-31T08:25:35+00:00","description":"L'artiste Amanda Rackowe cr\u00e9e des peintures \u00e0 l'huile contemporaines de paysages et de sc\u00e8nes urbaines. Elle expose fr\u00e9quemment dans toute la France.","breadcrumb":{"@id":"https:\/\/amandarackowe.com\/fr\/expositions\/#breadcrumb"},"inLanguage":"fr-FR","potentialAction":[{"@type":"ReadAction","target":["https:\/\/amandarackowe.com\/fr\/expositions\/"]}]},{"@type":"ImageObject","inLanguage":"fr-FR","@id":"https:\/\/amandarackowe.com\/fr\/expositions\/#primaryimage","url":"https:\/\/amandarackowe.com\/wp-content\/uploads\/2020\/03\/amanda-rackowe-exhibitions-1000x606.jpg","contentUrl":"https:\/\/amandarackowe.com\/wp-content\/uploads\/2020\/03\/amanda-rackowe-exhibitions-1000x606.jpg"},{"@type":"BreadcrumbList","@id":"https:\/\/amandarackowe.com\/fr\/expositions\/#breadcrumb","itemListElement":[{"@type":"ListItem","position":1,"name":"Home","item":"https:\/\/amandarackowe.com\/fr\/"},{"@type":"ListItem","position":2,"name":"Expositions pr\u00e9c\u00e9dentes &#038; \u00e0 venir"}]},{"@type":"WebSite","@id":"https:\/\/amandarackowe.com\/fr\/#website","url":"https:\/\/amandarackowe.com\/fr\/","name":"Amanda Rackowe","description":"Tableaux Contemporains ","potentialAction":[{"@type":"SearchAction","target":{"@type":"EntryPoint","urlTemplate":"https:\/\/amandarackowe.com\/fr\/?s={search_term_string}"},"query-input":{"@type":"PropertyValueSpecification","valueRequired":true,"valueName":"search_term_string"}}],"inLanguage":"fr-FR"}]}},"_links":{"self":[{"href":"https:\/\/amandarackowe.com\/fr\/wp-json\/wp\/v2\/pages\/1058","targetHints":{"allow":["GET"]}}],"collection":[{"href":"https:\/\/amandarackowe.com\/fr\/wp-json\/wp\/v2\/pages"}],"about":[{"href":"https:\/\/amandarackowe.com\/fr\/wp-json\/wp\/v2\/types\/page"}],"author":[{"embeddable":true,"href":"https:\/\/amandarackowe.com\/fr\/wp-json\/wp\/v2\/users\/1"}],"replies":[{"embeddable":true,"href":"https:\/\/amandarackowe.com\/fr\/wp-json\/wp\/v2\/comments?post=1058"}],"version-history":[{"count":26,"href":"https:\/\/amandarackowe.com\/fr\/wp-json\/wp\/v2\/pages\/1058\/revisions"}],"predecessor-version":[{"id":2337,"href":"https:\/\/amandarackowe.com\/fr\/wp-json\/wp\/v2\/pages\/1058\/revisions\/2337"}],"wp:attachment":[{"href":"https:\/\/amandarackowe.com\/fr\/wp-json\/wp\/v2\/media?parent=1058"}],"curies":[{"name":"wp","href":"https:\/\/api.w.org\/{rel}","templated":true}]}}