{"id":1056,"date":"2020-02-26T12:47:57","date_gmt":"2020-02-26T11:47:57","guid":{"rendered":"https:\/\/amandarackowe.com\/artwork\/"},"modified":"2026-02-10T10:00:38","modified_gmt":"2026-02-10T09:00:38","slug":"series-peintures","status":"publish","type":"page","link":"https:\/\/amandarackowe.com\/fr\/series-peintures\/","title":{"rendered":"Collections"},"content":{"rendered":"\n<p>Bienvenue \u00e0 la galerie. La vision unique du monde d&rsquo;Amanda Rackowe transpara\u00eet dans ses collections de peintures. Son inspiration provient de sc\u00e8nes et de sujets vari\u00e9s qu&rsquo;elle d\u00e9couvre et l\u2019interpellent souvent par hasard. G\u00e9n\u00e9ralement, ses s\u00e9ries se construisent au fil du temps, s&rsquo;enrichissant au gr\u00e9 de nouvelles inspirations, et parfois, un seul tableau est r\u00e9alis\u00e9, selon l&rsquo;inspiration qui la pousse \u00e0 se lancer dans une nouvelle aventure.<\/p>\n\n\n\n<p>Pour toute demande de prix, renseignements sur l\u2019envoi ou pour l&rsquo;achat des tableaux disponibles, <a href=\"https:\/\/amandarackowe.com\/fr\/contact\/\">veuillez nous contacter<\/a>. <\/p>\n\n\n<div class=\"series-container\">\n\t\t<div class=\"series-wrapper\">\n\t\t<ul class=\"series\">\n\t \t\t<li class=\"series-image\">\n\t\t\t<a href='https:\/\/amandarackowe.com\/fr\/series\/cartes-postales-de-cote\/'><img loading=\"lazy\" decoding=\"async\" width=\"1100\" height=\"1100\" src=\"https:\/\/amandarackowe.com\/wp-content\/uploads\/2021\/07\/Chaland-Turquoise-grand-ile-dOleron-paintings-of-Oleron-60x60-1.jpg\" class=\"attachment-full size-full wp-post-image\" alt=\"Chaland Turquoise\" title=\"Chaland Turquoise\" srcset=\"https:\/\/amandarackowe.com\/wp-content\/uploads\/2021\/07\/Chaland-Turquoise-grand-ile-dOleron-paintings-of-Oleron-60x60-1.jpg 1100w, https:\/\/amandarackowe.com\/wp-content\/uploads\/2021\/07\/Chaland-Turquoise-grand-ile-dOleron-paintings-of-Oleron-60x60-1-300x300.jpg 300w, https:\/\/amandarackowe.com\/wp-content\/uploads\/2021\/07\/Chaland-Turquoise-grand-ile-dOleron-paintings-of-Oleron-60x60-1-1000x1000.jpg 1000w, https:\/\/amandarackowe.com\/wp-content\/uploads\/2021\/07\/Chaland-Turquoise-grand-ile-dOleron-paintings-of-Oleron-60x60-1-150x150.jpg 150w\" sizes=\"auto, (max-width: 1100px) 100vw, 1100px\" \/><\/a>\t \t\t<\/li>\n \t\t<\/ul>\n    \t<h2><a href='https:\/\/amandarackowe.com\/fr\/series\/cartes-postales-de-cote\/'>Cartes Postales de la C\u00f4te (41)<\/a><\/h2>\n\t<\/div>\n\t\t\t<div class=\"series-wrapper\">\n\t\t<ul class=\"series\">\n\t \t\t<li class=\"series-image\">\n\t\t\t<a href='https:\/\/amandarackowe.com\/fr\/series\/espaces-ouverts\/'><img loading=\"lazy\" decoding=\"async\" width=\"1000\" height=\"1499\" src=\"https:\/\/amandarackowe.com\/wp-content\/uploads\/2024\/05\/Amanda-Rackowe-Blue-House-Open-Spaces-big-192x130-1.jpg\" class=\"attachment-full size-full wp-post-image\" alt=\"Blue House Open Spaces landscape painting by Amanda Rackowe\" title=\"Maison Bleue\" srcset=\"https:\/\/amandarackowe.com\/wp-content\/uploads\/2024\/05\/Amanda-Rackowe-Blue-House-Open-Spaces-big-192x130-1.jpg 1000w, https:\/\/amandarackowe.com\/wp-content\/uploads\/2024\/05\/Amanda-Rackowe-Blue-House-Open-Spaces-big-192x130-1-200x300.jpg 200w, https:\/\/amandarackowe.com\/wp-content\/uploads\/2024\/05\/Amanda-Rackowe-Blue-House-Open-Spaces-big-192x130-1-667x1000.jpg 667w\" sizes=\"auto, (max-width: 1000px) 100vw, 1000px\" \/><\/a>\t \t\t<\/li>\n \t\t<\/ul>\n    \t<h2><a href='https:\/\/amandarackowe.com\/fr\/series\/espaces-ouverts\/'>Espaces Ouverts (5)<\/a><\/h2>\n\t<\/div>\n\t\t\t<div class=\"series-wrapper\">\n\t\t<ul class=\"series\">\n\t \t\t<li class=\"series-image\">\n\t\t\t<a href='https:\/\/amandarackowe.com\/fr\/series\/contes-urbains\/'><img loading=\"lazy\" decoding=\"async\" width=\"1000\" height=\"1448\" src=\"https:\/\/amandarackowe.com\/wp-content\/uploads\/2022\/08\/la-pause.jpg\" class=\"attachment-full size-full wp-post-image\" alt=\"la pause painting by amanda rackowe\" title=\"La Pause\" srcset=\"https:\/\/amandarackowe.com\/wp-content\/uploads\/2022\/08\/la-pause.jpg 1000w, https:\/\/amandarackowe.com\/wp-content\/uploads\/2022\/08\/la-pause-207x300.jpg 207w, https:\/\/amandarackowe.com\/wp-content\/uploads\/2022\/08\/la-pause-691x1000.jpg 691w\" sizes=\"auto, (max-width: 1000px) 100vw, 1000px\" \/><\/a>\t \t\t<\/li>\n \t\t<\/ul>\n    \t<h2><a href='https:\/\/amandarackowe.com\/fr\/series\/contes-urbains\/'>Contes Urbains (18)<\/a><\/h2>\n\t<\/div>\n\t\t\t<div class=\"series-wrapper\">\n\t\t<ul class=\"series\">\n\t \t\t<li class=\"series-image\">\n\t\t\t<a href='https:\/\/amandarackowe.com\/fr\/series\/autour-des-silos\/'><img loading=\"lazy\" decoding=\"async\" width=\"1200\" height=\"993\" src=\"https:\/\/amandarackowe.com\/wp-content\/uploads\/2019\/01\/Amanda-Rackowe-Deux-Buses-Two-buzzards-Silo-french-landscape-painting-.jpg\" class=\"attachment-full size-full wp-post-image\" alt=\"Deux Buses - painting by Amanda Rackowe\" title=\"Deux Buses\" srcset=\"https:\/\/amandarackowe.com\/wp-content\/uploads\/2019\/01\/Amanda-Rackowe-Deux-Buses-Two-buzzards-Silo-french-landscape-painting-.jpg 1200w, https:\/\/amandarackowe.com\/wp-content\/uploads\/2019\/01\/Amanda-Rackowe-Deux-Buses-Two-buzzards-Silo-french-landscape-painting--300x248.jpg 300w, https:\/\/amandarackowe.com\/wp-content\/uploads\/2019\/01\/Amanda-Rackowe-Deux-Buses-Two-buzzards-Silo-french-landscape-painting--1000x828.jpg 1000w\" sizes=\"auto, (max-width: 1200px) 100vw, 1200px\" \/><\/a>\t \t\t<\/li>\n \t\t<\/ul>\n    \t<h2><a href='https:\/\/amandarackowe.com\/fr\/series\/autour-des-silos\/'>Autour Des Silos (32)<\/a><\/h2>\n\t<\/div>\n\t\t\t<div class=\"series-wrapper\">\n\t\t<ul class=\"series\">\n\t \t\t<li class=\"series-image\">\n\t\t\t<a href='https:\/\/amandarackowe.com\/fr\/series\/visites-en-galeries-musees\/'><img loading=\"lazy\" decoding=\"async\" width=\"665\" height=\"1000\" src=\"https:\/\/amandarackowe.com\/wp-content\/uploads\/2018\/02\/Midi-au-Mus\u00e9e-.jpg\" class=\"attachment-full size-full wp-post-image\" alt=\"Midi au Mus\u00e9e- painting by Amanda Rackowe\" title=\"Midi au Mus\u00e9e\" srcset=\"https:\/\/amandarackowe.com\/wp-content\/uploads\/2018\/02\/Midi-au-Mus\u00e9e-.jpg 665w, https:\/\/amandarackowe.com\/wp-content\/uploads\/2018\/02\/Midi-au-Mus\u00e9e--200x300.jpg 200w\" sizes=\"auto, (max-width: 665px) 100vw, 665px\" \/><\/a>\t \t\t<\/li>\n \t\t<\/ul>\n    \t<h2><a href='https:\/\/amandarackowe.com\/fr\/series\/visites-en-galeries-musees\/'>Visites en Galeries et Mus\u00e9es (3)<\/a><\/h2>\n\t<\/div>\n\t\t\t<div class=\"series-wrapper\">\n\t\t<ul class=\"series\">\n\t \t\t<li class=\"series-image\">\n\t\t\t<a href='https:\/\/amandarackowe.com\/fr\/series\/trajets\/'><img loading=\"lazy\" decoding=\"async\" width=\"1500\" height=\"1122\" src=\"https:\/\/amandarackowe.com\/wp-content\/uploads\/backward-glance.jpg\" class=\"attachment-full size-full wp-post-image\" alt=\"backward glance- painting by Amanda Rackowe\" title=\"Regard en Arri\u00e8re (Vous souvenez-vous d&rsquo;o\u00f9 vous venez?)\" srcset=\"https:\/\/amandarackowe.com\/wp-content\/uploads\/backward-glance.jpg 1500w, https:\/\/amandarackowe.com\/wp-content\/uploads\/backward-glance-600x449.jpg 600w\" sizes=\"auto, (max-width: 1500px) 100vw, 1500px\" \/><\/a>\t \t\t<\/li>\n \t\t<\/ul>\n    \t<h2><a href='https:\/\/amandarackowe.com\/fr\/series\/trajets\/'>Trajets (6)<\/a><\/h2>\n\t<\/div>\n\t\t\t<div class=\"series-wrapper\">\n\t\t<ul class=\"series\">\n\t \t\t<li class=\"series-image\">\n\t\t\t<a href='https:\/\/amandarackowe.com\/fr\/series\/petites-oeuvres\/'><img loading=\"lazy\" decoding=\"async\" width=\"1204\" height=\"1200\" src=\"https:\/\/amandarackowe.com\/wp-content\/uploads\/2020\/12\/Pres-de-la-Simonette.jpg\" class=\"attachment-full size-full wp-post-image\" alt=\"Pres de la Simonette\" title=\"Pres de la Simonette\" srcset=\"https:\/\/amandarackowe.com\/wp-content\/uploads\/2020\/12\/Pres-de-la-Simonette.jpg 1204w, https:\/\/amandarackowe.com\/wp-content\/uploads\/2020\/12\/Pres-de-la-Simonette-300x300.jpg 300w, https:\/\/amandarackowe.com\/wp-content\/uploads\/2020\/12\/Pres-de-la-Simonette-1000x997.jpg 1000w, https:\/\/amandarackowe.com\/wp-content\/uploads\/2020\/12\/Pres-de-la-Simonette-150x150.jpg 150w\" sizes=\"auto, (max-width: 1204px) 100vw, 1204px\" \/><\/a>\t \t\t<\/li>\n \t\t<\/ul>\n    \t<h2><a href='https:\/\/amandarackowe.com\/fr\/series\/petites-oeuvres\/'>Petites \u0152uvres (56)<\/a><\/h2>\n\t<\/div>\n\t\t\t<div class=\"series-wrapper\">\n\t\t<ul class=\"series\">\n\t \t\t<li class=\"series-image\">\n\t\t\t<a href='https:\/\/amandarackowe.com\/fr\/series\/realite-reves\/'><img loading=\"lazy\" decoding=\"async\" width=\"726\" height=\"1000\" src=\"https:\/\/amandarackowe.com\/wp-content\/uploads\/2017\/02\/seven-am.jpg\" class=\"attachment-full size-full wp-post-image\" alt=\"7am - painting by Amanda Rackowe\" title=\"7 am\" srcset=\"https:\/\/amandarackowe.com\/wp-content\/uploads\/2017\/02\/seven-am.jpg 726w, https:\/\/amandarackowe.com\/wp-content\/uploads\/2017\/02\/seven-am-218x300.jpg 218w\" sizes=\"auto, (max-width: 726px) 100vw, 726px\" \/><\/a>\t \t\t<\/li>\n \t\t<\/ul>\n    \t<h2><a href='https:\/\/amandarackowe.com\/fr\/series\/realite-reves\/'>Entre R\u00e9alit\u00e9 et R\u00eaves (1)<\/a><\/h2>\n\t<\/div>\n\t\t<\/div>\n\t\n","protected":false},"excerpt":{"rendered":"<p>Bienvenue \u00e0 la galerie. La vision unique du monde d&rsquo;Amanda Rackowe transpara\u00eet dans ses collections de peintures. Son inspiration provient de sc\u00e8nes et de sujets<\/p>\n","protected":false},"author":1,"featured_media":0,"parent":0,"menu_order":0,"comment_status":"closed","ping_status":"closed","template":"","meta":{"_acf_changed":false,"footnotes":""},"class_list":["post-1056","page","type-page","status-publish","hentry"],"acf":[],"yoast_head":"<!-- This site is optimized with the Yoast SEO plugin v27.3 - https:\/\/yoast.com\/product\/yoast-seo-wordpress\/ -->\n<title>Collections - Amanda Rackowe<\/title>\n<meta name=\"robots\" content=\"index, follow, max-snippet:-1, max-image-preview:large, max-video-preview:-1\" \/>\n<link rel=\"canonical\" href=\"https:\/\/amandarackowe.com\/fr\/series-peintures\/\" \/>\n<meta property=\"og:locale\" content=\"fr_FR\" \/>\n<meta property=\"og:type\" content=\"article\" \/>\n<meta property=\"og:title\" content=\"Collections - Amanda Rackowe\" \/>\n<meta property=\"og:description\" content=\"Bienvenue \u00e0 la galerie. La vision unique du monde d&rsquo;Amanda Rackowe transpara\u00eet dans ses collections de peintures. Son inspiration provient de sc\u00e8nes et de sujets\" \/>\n<meta property=\"og:url\" content=\"https:\/\/amandarackowe.com\/fr\/series-peintures\/\" \/>\n<meta property=\"og:site_name\" content=\"Amanda Rackowe\" \/>\n<meta property=\"article:modified_time\" content=\"2026-02-10T09:00:38+00:00\" \/>\n<meta name=\"twitter:card\" content=\"summary_large_image\" \/>\n<meta name=\"twitter:label1\" content=\"Dur\u00e9e de lecture estim\u00e9e\" \/>\n\t<meta name=\"twitter:data1\" content=\"1 minute\" \/>\n<script type=\"application\/ld+json\" class=\"yoast-schema-graph\">{\"@context\":\"https:\\\/\\\/schema.org\",\"@graph\":[{\"@type\":\"WebPage\",\"@id\":\"https:\\\/\\\/amandarackowe.com\\\/fr\\\/series-peintures\\\/\",\"url\":\"https:\\\/\\\/amandarackowe.com\\\/fr\\\/series-peintures\\\/\",\"name\":\"Collections - Amanda Rackowe\",\"isPartOf\":{\"@id\":\"https:\\\/\\\/amandarackowe.com\\\/fr\\\/#website\"},\"datePublished\":\"2020-02-26T11:47:57+00:00\",\"dateModified\":\"2026-02-10T09:00:38+00:00\",\"breadcrumb\":{\"@id\":\"https:\\\/\\\/amandarackowe.com\\\/fr\\\/series-peintures\\\/#breadcrumb\"},\"inLanguage\":\"fr-FR\",\"potentialAction\":[{\"@type\":\"ReadAction\",\"target\":[\"https:\\\/\\\/amandarackowe.com\\\/fr\\\/series-peintures\\\/\"]}]},{\"@type\":\"BreadcrumbList\",\"@id\":\"https:\\\/\\\/amandarackowe.com\\\/fr\\\/series-peintures\\\/#breadcrumb\",\"itemListElement\":[{\"@type\":\"ListItem\",\"position\":1,\"name\":\"Home\",\"item\":\"https:\\\/\\\/amandarackowe.com\\\/fr\\\/\"},{\"@type\":\"ListItem\",\"position\":2,\"name\":\"Collections\"}]},{\"@type\":\"WebSite\",\"@id\":\"https:\\\/\\\/amandarackowe.com\\\/fr\\\/#website\",\"url\":\"https:\\\/\\\/amandarackowe.com\\\/fr\\\/\",\"name\":\"Amanda Rackowe\",\"description\":\"Tableaux Contemporains \",\"potentialAction\":[{\"@type\":\"SearchAction\",\"target\":{\"@type\":\"EntryPoint\",\"urlTemplate\":\"https:\\\/\\\/amandarackowe.com\\\/fr\\\/?s={search_term_string}\"},\"query-input\":{\"@type\":\"PropertyValueSpecification\",\"valueRequired\":true,\"valueName\":\"search_term_string\"}}],\"inLanguage\":\"fr-FR\"}]}<\/script>\n<!-- \/ Yoast SEO plugin. -->","yoast_head_json":{"title":"Collections - Amanda Rackowe","robots":{"index":"index","follow":"follow","max-snippet":"max-snippet:-1","max-image-preview":"max-image-preview:large","max-video-preview":"max-video-preview:-1"},"canonical":"https:\/\/amandarackowe.com\/fr\/series-peintures\/","og_locale":"fr_FR","og_type":"article","og_title":"Collections - Amanda Rackowe","og_description":"Bienvenue \u00e0 la galerie. La vision unique du monde d&rsquo;Amanda Rackowe transpara\u00eet dans ses collections de peintures. Son inspiration provient de sc\u00e8nes et de sujets","og_url":"https:\/\/amandarackowe.com\/fr\/series-peintures\/","og_site_name":"Amanda Rackowe","article_modified_time":"2026-02-10T09:00:38+00:00","twitter_card":"summary_large_image","twitter_misc":{"Dur\u00e9e de lecture estim\u00e9e":"1 minute"},"schema":{"@context":"https:\/\/schema.org","@graph":[{"@type":"WebPage","@id":"https:\/\/amandarackowe.com\/fr\/series-peintures\/","url":"https:\/\/amandarackowe.com\/fr\/series-peintures\/","name":"Collections - Amanda Rackowe","isPartOf":{"@id":"https:\/\/amandarackowe.com\/fr\/#website"},"datePublished":"2020-02-26T11:47:57+00:00","dateModified":"2026-02-10T09:00:38+00:00","breadcrumb":{"@id":"https:\/\/amandarackowe.com\/fr\/series-peintures\/#breadcrumb"},"inLanguage":"fr-FR","potentialAction":[{"@type":"ReadAction","target":["https:\/\/amandarackowe.com\/fr\/series-peintures\/"]}]},{"@type":"BreadcrumbList","@id":"https:\/\/amandarackowe.com\/fr\/series-peintures\/#breadcrumb","itemListElement":[{"@type":"ListItem","position":1,"name":"Home","item":"https:\/\/amandarackowe.com\/fr\/"},{"@type":"ListItem","position":2,"name":"Collections"}]},{"@type":"WebSite","@id":"https:\/\/amandarackowe.com\/fr\/#website","url":"https:\/\/amandarackowe.com\/fr\/","name":"Amanda Rackowe","description":"Tableaux Contemporains ","potentialAction":[{"@type":"SearchAction","target":{"@type":"EntryPoint","urlTemplate":"https:\/\/amandarackowe.com\/fr\/?s={search_term_string}"},"query-input":{"@type":"PropertyValueSpecification","valueRequired":true,"valueName":"search_term_string"}}],"inLanguage":"fr-FR"}]}},"_links":{"self":[{"href":"https:\/\/amandarackowe.com\/fr\/wp-json\/wp\/v2\/pages\/1056","targetHints":{"allow":["GET"]}}],"collection":[{"href":"https:\/\/amandarackowe.com\/fr\/wp-json\/wp\/v2\/pages"}],"about":[{"href":"https:\/\/amandarackowe.com\/fr\/wp-json\/wp\/v2\/types\/page"}],"author":[{"embeddable":true,"href":"https:\/\/amandarackowe.com\/fr\/wp-json\/wp\/v2\/users\/1"}],"replies":[{"embeddable":true,"href":"https:\/\/amandarackowe.com\/fr\/wp-json\/wp\/v2\/comments?post=1056"}],"version-history":[{"count":6,"href":"https:\/\/amandarackowe.com\/fr\/wp-json\/wp\/v2\/pages\/1056\/revisions"}],"predecessor-version":[{"id":2313,"href":"https:\/\/amandarackowe.com\/fr\/wp-json\/wp\/v2\/pages\/1056\/revisions\/2313"}],"wp:attachment":[{"href":"https:\/\/amandarackowe.com\/fr\/wp-json\/wp\/v2\/media?parent=1056"}],"curies":[{"name":"wp","href":"https:\/\/api.w.org\/{rel}","templated":true}]}}