{"id":1050,"date":"2017-02-06T12:11:38","date_gmt":"2017-02-06T11:11:38","guid":{"rendered":"https:\/\/amandarackowe.com\/biography\/"},"modified":"2025-03-31T12:14:37","modified_gmt":"2025-03-31T10:14:37","slug":"declaration-artiste-biographie","status":"publish","type":"page","link":"https:\/\/amandarackowe.com\/fr\/declaration-artiste-biographie\/","title":{"rendered":"D\u00e9claration d&rsquo;Artiste &#038; Biographie"},"content":{"rendered":"<div class=\"wp-block-image bio-profile\">\n<figure class=\"alignleft size-full\"><img loading=\"lazy\" decoding=\"async\" width=\"750\" height=\"1000\" src=\"https:\/\/amandarackowe.com\/wp-content\/uploads\/2020\/03\/amanda-rackowe-bio.jpg\" alt=\"\" class=\"wp-image-1317\" srcset=\"https:\/\/amandarackowe.com\/wp-content\/uploads\/2020\/03\/amanda-rackowe-bio.jpg 750w, https:\/\/amandarackowe.com\/wp-content\/uploads\/2020\/03\/amanda-rackowe-bio-225x300.jpg 225w\" sizes=\"auto, (max-width: 750px) 100vw, 750px\" \/><\/figure>\n<\/div>\n\n\n<p> \u00ab Mon travail r\u00e9side dans ma fascination pour l&rsquo;\u00e9change transitoire de l&rsquo;existence humaine.  <\/p>\n\n\n\n<p>J&rsquo;examine des voyages apparemment banals qui incorporent le r\u00e9el et le surr\u00e9aliste, touchant des \u00e9motions de sensibilit\u00e9, de fragmentation et d&rsquo;int\u00e9gration latente qui d\u00e9peignent une conceptualisation immanente de ma vision du monde. \u00bb   <\/p>\n\n\n\n<p> <em>(Amanda Rackowe 2020)<\/em> <\/p>\n\n\n\n<h3 class=\"wp-block-heading\">Biographie<\/h3>\n\n\n\n<p>Amanda Rackowe (n\u00e9e en 1964) est une peintre britannique install\u00e9e en France depuis 2006.<\/p>\n\n\n\n<p>Apr\u00e8s une formation pr\u00e9paratoire aux arts plastiques, elle \u00e9tudie la conception d&rsquo;\u00e9clairages pour le th\u00e9\u00e2tre, une influence qui transpara\u00eet dans ses peintures. Elle travaille dans les th\u00e9\u00e2tres du West End londonien et effectue des tourn\u00e9es \u00e0 travers le pays. Elle qualifie souvent son travail de \u00ab&nbsp;peinture avec la lumi\u00e8re&nbsp;\u00bb.<\/p>\n\n\n\n<p>Son int\u00e9r\u00eat pour l&rsquo;\u00e9clairage se tourne rapidement vers l&rsquo;architecture et l&rsquo;artiste rejoint YRM, un grand cabinet d&rsquo;architecture, au sein du d\u00e9partement de d\u00e9coration int\u00e9rieure, avant de rejoindre Lighting Design Partnership en tant que conceptrice et consultante \u00e9clairage.<\/p>\n\n\n\n<p>Pendant cette p\u00e9riode, elle continue de dessiner et peindre, participant souvent avec succ\u00e8s \u00e0 des expositions et concours locaux.<\/p>\n\n\n\n<p>Elle poursuit son activit\u00e9 de consultante ind\u00e9pendante en \u00e9clairage jusqu&rsquo;\u00e0 son installation en France avec sa famille, o\u00f9 elle d\u00e9cide de se consacrer \u00e0 plein temps \u00e0 son activit\u00e9 artistique, enseignant \u00e9galement la peinture \u00e0 l&rsquo;huile pendant 16 ans \u00e0 des \u00e9tudiants de sa r\u00e9gion.<\/p>\n\n\n\n<p>L&rsquo;artiste a r\u00e9cemment rejoint \u00ab&nbsp;Figuration In\u00e9vitable&nbsp;\u00bb, un collectif de dix-sept artistes figuratifs contemporains, s\u00e9lectionn\u00e9s par l&rsquo;artiste Carole Melmoux. Ensemble, ils ont expos\u00e9 \u00e0 Art Capital \u00e0 Paris, au Grand Palais \u00c9ph\u00e9m\u00e8re en 2024 et au Grand Palais r\u00e9cemment r\u00e9nov\u00e9 en 2025.<\/p>\n\n\n\n<p>Rackowe est \u00e9galement collaboratrice et membre r\u00e9guli\u00e8re de la Soci\u00e9t\u00e9 des Beaux-Arts du P\u00e9rigord, et participe r\u00e9guli\u00e8rement \u00e0 des salons et expositions dans toute la France, en plus de ses expositions personnelles.<\/p>\n\n\n\n<h2 class=\"wp-block-heading\">Prix et invitations:<\/h2>\n\n\n\n<p>Prix de Peinture \u2013 Salon Biennal de la Soci\u00e9t\u00e9 des Beaux-Arts du P\u00e9rigord 2021<br>Prix de Peinture \u2013 Salon de Manzac 2021<br>Artiste invit\u00e9e d\u2019honneur au \u201cSalon du Livre\u201d, Champcevinel 2022<br>Artiste invit\u00e9e d\u2019honneur \u00e0 \u201cLivres en F\u00eates\u201d Lalinde 2022<\/p>\n","protected":false},"excerpt":{"rendered":"<p>\u00ab Mon travail r\u00e9side dans ma fascination pour l&rsquo;\u00e9change transitoire de l&rsquo;existence humaine. J&rsquo;examine des voyages apparemment banals qui incorporent le r\u00e9el et le surr\u00e9aliste,<\/p>\n","protected":false},"author":1,"featured_media":0,"parent":0,"menu_order":0,"comment_status":"closed","ping_status":"closed","template":"","meta":{"_acf_changed":false,"footnotes":""},"class_list":["post-1050","page","type-page","status-publish","hentry"],"acf":[],"yoast_head":"<!-- This site is optimized with the Yoast SEO plugin v27.3 - https:\/\/yoast.com\/product\/yoast-seo-wordpress\/ -->\n<title>D\u00e9claration &amp; Boighraphie de l&#039;Artiste : Amanda Rackowe<\/title>\n<meta name=\"description\" content=\"Amanda Rackowe travaille \u00e0 l&#039;huile sur des toiles de lin, en appliquant de nombreuses couches et des glacis.\" \/>\n<meta name=\"robots\" content=\"index, follow, max-snippet:-1, max-image-preview:large, max-video-preview:-1\" \/>\n<link rel=\"canonical\" href=\"https:\/\/amandarackowe.com\/fr\/declaration-artiste-biographie\/\" \/>\n<meta property=\"og:locale\" content=\"fr_FR\" \/>\n<meta property=\"og:type\" content=\"article\" \/>\n<meta property=\"og:title\" content=\"D\u00e9claration &amp; Boighraphie de l&#039;Artiste : Amanda Rackowe\" \/>\n<meta property=\"og:description\" content=\"Amanda Rackowe travaille \u00e0 l&#039;huile sur des toiles de lin, en appliquant de nombreuses couches et des glacis.\" \/>\n<meta property=\"og:url\" content=\"https:\/\/amandarackowe.com\/fr\/declaration-artiste-biographie\/\" \/>\n<meta property=\"og:site_name\" content=\"Amanda Rackowe\" \/>\n<meta property=\"article:modified_time\" content=\"2025-03-31T10:14:37+00:00\" \/>\n<meta property=\"og:image\" content=\"https:\/\/amandarackowe.com\/wp-content\/uploads\/2020\/03\/amanda-rackowe-bio.jpg\" \/>\n\t<meta property=\"og:image:width\" content=\"750\" \/>\n\t<meta property=\"og:image:height\" content=\"1000\" \/>\n\t<meta property=\"og:image:type\" content=\"image\/jpeg\" \/>\n<meta name=\"twitter:card\" content=\"summary_large_image\" \/>\n<meta name=\"twitter:label1\" content=\"Dur\u00e9e de lecture estim\u00e9e\" \/>\n\t<meta name=\"twitter:data1\" content=\"2 minutes\" \/>\n<script type=\"application\/ld+json\" class=\"yoast-schema-graph\">{\"@context\":\"https:\\\/\\\/schema.org\",\"@graph\":[{\"@type\":\"WebPage\",\"@id\":\"https:\\\/\\\/amandarackowe.com\\\/fr\\\/declaration-artiste-biographie\\\/\",\"url\":\"https:\\\/\\\/amandarackowe.com\\\/fr\\\/declaration-artiste-biographie\\\/\",\"name\":\"D\u00e9claration & Boighraphie de l'Artiste : Amanda Rackowe\",\"isPartOf\":{\"@id\":\"https:\\\/\\\/amandarackowe.com\\\/fr\\\/#website\"},\"primaryImageOfPage\":{\"@id\":\"https:\\\/\\\/amandarackowe.com\\\/fr\\\/declaration-artiste-biographie\\\/#primaryimage\"},\"image\":{\"@id\":\"https:\\\/\\\/amandarackowe.com\\\/fr\\\/declaration-artiste-biographie\\\/#primaryimage\"},\"thumbnailUrl\":\"https:\\\/\\\/amandarackowe.com\\\/wp-content\\\/uploads\\\/2020\\\/03\\\/amanda-rackowe-bio.jpg\",\"datePublished\":\"2017-02-06T11:11:38+00:00\",\"dateModified\":\"2025-03-31T10:14:37+00:00\",\"description\":\"Amanda Rackowe travaille \u00e0 l'huile sur des toiles de lin, en appliquant de nombreuses couches et des glacis.\",\"breadcrumb\":{\"@id\":\"https:\\\/\\\/amandarackowe.com\\\/fr\\\/declaration-artiste-biographie\\\/#breadcrumb\"},\"inLanguage\":\"fr-FR\",\"potentialAction\":[{\"@type\":\"ReadAction\",\"target\":[\"https:\\\/\\\/amandarackowe.com\\\/fr\\\/declaration-artiste-biographie\\\/\"]}]},{\"@type\":\"ImageObject\",\"inLanguage\":\"fr-FR\",\"@id\":\"https:\\\/\\\/amandarackowe.com\\\/fr\\\/declaration-artiste-biographie\\\/#primaryimage\",\"url\":\"https:\\\/\\\/amandarackowe.com\\\/wp-content\\\/uploads\\\/2020\\\/03\\\/amanda-rackowe-bio.jpg\",\"contentUrl\":\"https:\\\/\\\/amandarackowe.com\\\/wp-content\\\/uploads\\\/2020\\\/03\\\/amanda-rackowe-bio.jpg\"},{\"@type\":\"BreadcrumbList\",\"@id\":\"https:\\\/\\\/amandarackowe.com\\\/fr\\\/declaration-artiste-biographie\\\/#breadcrumb\",\"itemListElement\":[{\"@type\":\"ListItem\",\"position\":1,\"name\":\"Home\",\"item\":\"https:\\\/\\\/amandarackowe.com\\\/fr\\\/\"},{\"@type\":\"ListItem\",\"position\":2,\"name\":\"D\u00e9claration d&#8217;Artiste &#038; Biographie\"}]},{\"@type\":\"WebSite\",\"@id\":\"https:\\\/\\\/amandarackowe.com\\\/fr\\\/#website\",\"url\":\"https:\\\/\\\/amandarackowe.com\\\/fr\\\/\",\"name\":\"Amanda Rackowe\",\"description\":\"Tableaux Contemporains \",\"potentialAction\":[{\"@type\":\"SearchAction\",\"target\":{\"@type\":\"EntryPoint\",\"urlTemplate\":\"https:\\\/\\\/amandarackowe.com\\\/fr\\\/?s={search_term_string}\"},\"query-input\":{\"@type\":\"PropertyValueSpecification\",\"valueRequired\":true,\"valueName\":\"search_term_string\"}}],\"inLanguage\":\"fr-FR\"}]}<\/script>\n<!-- \/ Yoast SEO plugin. -->","yoast_head_json":{"title":"D\u00e9claration & Boighraphie de l'Artiste : Amanda Rackowe","description":"Amanda Rackowe travaille \u00e0 l'huile sur des toiles de lin, en appliquant de nombreuses couches et des glacis.","robots":{"index":"index","follow":"follow","max-snippet":"max-snippet:-1","max-image-preview":"max-image-preview:large","max-video-preview":"max-video-preview:-1"},"canonical":"https:\/\/amandarackowe.com\/fr\/declaration-artiste-biographie\/","og_locale":"fr_FR","og_type":"article","og_title":"D\u00e9claration & Boighraphie de l'Artiste : Amanda Rackowe","og_description":"Amanda Rackowe travaille \u00e0 l'huile sur des toiles de lin, en appliquant de nombreuses couches et des glacis.","og_url":"https:\/\/amandarackowe.com\/fr\/declaration-artiste-biographie\/","og_site_name":"Amanda Rackowe","article_modified_time":"2025-03-31T10:14:37+00:00","og_image":[{"width":750,"height":1000,"url":"https:\/\/amandarackowe.com\/wp-content\/uploads\/2020\/03\/amanda-rackowe-bio.jpg","type":"image\/jpeg"}],"twitter_card":"summary_large_image","twitter_misc":{"Dur\u00e9e de lecture estim\u00e9e":"2 minutes"},"schema":{"@context":"https:\/\/schema.org","@graph":[{"@type":"WebPage","@id":"https:\/\/amandarackowe.com\/fr\/declaration-artiste-biographie\/","url":"https:\/\/amandarackowe.com\/fr\/declaration-artiste-biographie\/","name":"D\u00e9claration & Boighraphie de l'Artiste : Amanda Rackowe","isPartOf":{"@id":"https:\/\/amandarackowe.com\/fr\/#website"},"primaryImageOfPage":{"@id":"https:\/\/amandarackowe.com\/fr\/declaration-artiste-biographie\/#primaryimage"},"image":{"@id":"https:\/\/amandarackowe.com\/fr\/declaration-artiste-biographie\/#primaryimage"},"thumbnailUrl":"https:\/\/amandarackowe.com\/wp-content\/uploads\/2020\/03\/amanda-rackowe-bio.jpg","datePublished":"2017-02-06T11:11:38+00:00","dateModified":"2025-03-31T10:14:37+00:00","description":"Amanda Rackowe travaille \u00e0 l'huile sur des toiles de lin, en appliquant de nombreuses couches et des glacis.","breadcrumb":{"@id":"https:\/\/amandarackowe.com\/fr\/declaration-artiste-biographie\/#breadcrumb"},"inLanguage":"fr-FR","potentialAction":[{"@type":"ReadAction","target":["https:\/\/amandarackowe.com\/fr\/declaration-artiste-biographie\/"]}]},{"@type":"ImageObject","inLanguage":"fr-FR","@id":"https:\/\/amandarackowe.com\/fr\/declaration-artiste-biographie\/#primaryimage","url":"https:\/\/amandarackowe.com\/wp-content\/uploads\/2020\/03\/amanda-rackowe-bio.jpg","contentUrl":"https:\/\/amandarackowe.com\/wp-content\/uploads\/2020\/03\/amanda-rackowe-bio.jpg"},{"@type":"BreadcrumbList","@id":"https:\/\/amandarackowe.com\/fr\/declaration-artiste-biographie\/#breadcrumb","itemListElement":[{"@type":"ListItem","position":1,"name":"Home","item":"https:\/\/amandarackowe.com\/fr\/"},{"@type":"ListItem","position":2,"name":"D\u00e9claration d&#8217;Artiste &#038; Biographie"}]},{"@type":"WebSite","@id":"https:\/\/amandarackowe.com\/fr\/#website","url":"https:\/\/amandarackowe.com\/fr\/","name":"Amanda Rackowe","description":"Tableaux Contemporains ","potentialAction":[{"@type":"SearchAction","target":{"@type":"EntryPoint","urlTemplate":"https:\/\/amandarackowe.com\/fr\/?s={search_term_string}"},"query-input":{"@type":"PropertyValueSpecification","valueRequired":true,"valueName":"search_term_string"}}],"inLanguage":"fr-FR"}]}},"_links":{"self":[{"href":"https:\/\/amandarackowe.com\/fr\/wp-json\/wp\/v2\/pages\/1050","targetHints":{"allow":["GET"]}}],"collection":[{"href":"https:\/\/amandarackowe.com\/fr\/wp-json\/wp\/v2\/pages"}],"about":[{"href":"https:\/\/amandarackowe.com\/fr\/wp-json\/wp\/v2\/types\/page"}],"author":[{"embeddable":true,"href":"https:\/\/amandarackowe.com\/fr\/wp-json\/wp\/v2\/users\/1"}],"replies":[{"embeddable":true,"href":"https:\/\/amandarackowe.com\/fr\/wp-json\/wp\/v2\/comments?post=1050"}],"version-history":[{"count":11,"href":"https:\/\/amandarackowe.com\/fr\/wp-json\/wp\/v2\/pages\/1050\/revisions"}],"predecessor-version":[{"id":2140,"href":"https:\/\/amandarackowe.com\/fr\/wp-json\/wp\/v2\/pages\/1050\/revisions\/2140"}],"wp:attachment":[{"href":"https:\/\/amandarackowe.com\/fr\/wp-json\/wp\/v2\/media?parent=1050"}],"curies":[{"name":"wp","href":"https:\/\/api.w.org\/{rel}","templated":true}]}}