{"id":1048,"date":"2020-02-20T16:05:46","date_gmt":"2020-02-20T15:05:46","guid":{"rendered":"https:\/\/amandarackowe.com\/artist-statement\/"},"modified":"2022-04-20T11:43:27","modified_gmt":"2022-04-20T09:43:27","slug":"demarche-artistique","status":"publish","type":"page","link":"https:\/\/amandarackowe.com\/fr\/demarche-artistique\/","title":{"rendered":"D\u00e9marche Artistique"},"content":{"rendered":"<p><strong>Un moment ne dure jamais,<\/strong><br \/>\n<strong>Il s\u2019offre \u00e0 nous, \u00e0 saisir,<\/strong><br \/>\n<strong>Serrer, lib\u00e9rer.<\/strong><\/p>\n<p><strong>\u00c0 imprimer, derri\u00e8re nos yeux, <\/strong><br \/>\n<strong>\u00c0 br\u00fbler, dans nos \u00e2mes.<\/strong><\/p>\n<p><strong>\u00c0 retenir, un instant. <\/strong><br \/>\n<strong>\u00c0 l\u2019oublier ensuite.<\/strong><\/p>\n<p><strong>Un moment. <\/strong><br \/>\n<strong>Ici\u2026et puis\u2026<\/strong><br \/>\n<strong>Il repart.<\/strong><\/p>\n<p>Telle est la conceptualisation immanente exprim\u00e9e dans le travail d&rsquo;Amanda Rackowe. Son exploration de l&rsquo;\u00e9change transitoire de l&rsquo;existence humaine \u00e0 des moments pr\u00e9cis, nous fait entrer dans une ambiance de semi-surr\u00e9alit\u00e9, o\u00f9 ses images glissent entre figuration et abstraction.<\/p>\n<p>Cette ambiance, parfois \u00e9bauch\u00e9e, refl\u00e8te ses pr\u00e9occupations avec la fragilit\u00e9 de l&rsquo;instant et de l&rsquo;espace, et leur imbrication transitoire. Des croisements inconscients de vies et de souvenirs existent dans les sc\u00e8nes o\u00f9 le spectateur est pr\u00e9sent, mais rarement impliqu\u00e9. Cette invasion torpide et involontaire, quoique une atteinte physique, se fragmente. Il n&rsquo;y a aucun aper\u00e7u, aucune nouvelle r\u00e9v\u00e9lation sur l&rsquo;ego ou la conscience int\u00e9rieure de l&rsquo;un ou de l&rsquo;autre.<\/p>\n<p>Travaillant en plusieurs couches de peinture, utilisant des lavis et des glacis, l&rsquo;artiste construit une richesse et une profondeur de couleur. Les marques spontan\u00e9es et les coul\u00e9es de peinture, encourag\u00e9es d\u00e9lib\u00e9r\u00e9ment, donnent vie \u00e0 son travail, faisant \u00e9cho aux possibilit\u00e9s d\u00e9termin\u00e9es et al\u00e9atoires du voyage de la vie (in)\u00e9puisable. Un rouge primaire sous-jacent, un clin d&rsquo;\u0153il au noyau chaud de la terre, domine sa palette.<\/p>\n<p>Son choix de couleurs se d\u00e9place dans les tons de bleus, turquoise et cramoisis, aux ocres profonds et jaunes. Bien que son amour de la couleur soit flagrant, sa fascination pour la lumi\u00e8re est \u00e9galement \u00e9vidente dans tout son travail. Devant son travail, on est sollicit\u00e9 pour examiner et questionner les exp\u00e9riences apparemment banales de la vie.<\/p>\n<p>Amanda Rackowe vit et travaille principalement en Dordogne dans le sud-ouest de la France, et partage son temps avec sa bien-aim\u00e9e \u00cele d\u2019Ol\u00e9ron sur la c\u00f4te atlantique. Son travail fait r\u00e9guli\u00e8rement l&rsquo;objet d&rsquo;expositions dans toute la France et est largement collectionn\u00e9 en Europe, aux \u00c9tats-Unis et en Australie.<\/p>\n","protected":false},"excerpt":{"rendered":"<p>Un moment ne dure jamais, Il s\u2019offre \u00e0 nous, \u00e0 saisir, Serrer, lib\u00e9rer. \u00c0 imprimer, derri\u00e8re nos yeux, \u00c0 br\u00fbler, dans nos \u00e2mes. \u00c0 retenir,<\/p>\n","protected":false},"author":1,"featured_media":0,"parent":0,"menu_order":0,"comment_status":"closed","ping_status":"closed","template":"","meta":{"_acf_changed":false,"footnotes":""},"class_list":["post-1048","page","type-page","status-publish","hentry"],"acf":[],"yoast_head":"<!-- This site is optimized with the Yoast SEO plugin v27.3 - https:\/\/yoast.com\/product\/yoast-seo-wordpress\/ -->\n<title>D\u00e9marche Artistique - Amanda Rackowe<\/title>\n<meta name=\"description\" content=\"Dans son travail, Amanda Rackowe s&#039;int\u00e9resse \u00e0 l&#039;\u00e9change transitoire de l&#039;existence humaine \u00e0 des moments pr\u00e9cis. Elle nous fait entrer dans une ambiance de semi-surr\u00e9alit\u00e9, o\u00f9 ses images glissent entre figuration et abstraction.\" \/>\n<meta name=\"robots\" content=\"index, follow, max-snippet:-1, max-image-preview:large, max-video-preview:-1\" \/>\n<link rel=\"canonical\" href=\"https:\/\/amandarackowe.com\/fr\/demarche-artistique\/\" \/>\n<meta property=\"og:locale\" content=\"fr_FR\" \/>\n<meta property=\"og:type\" content=\"article\" \/>\n<meta property=\"og:title\" content=\"D\u00e9marche Artistique - Amanda Rackowe\" \/>\n<meta property=\"og:description\" content=\"Dans son travail, Amanda Rackowe s&#039;int\u00e9resse \u00e0 l&#039;\u00e9change transitoire de l&#039;existence humaine \u00e0 des moments pr\u00e9cis. Elle nous fait entrer dans une ambiance de semi-surr\u00e9alit\u00e9, o\u00f9 ses images glissent entre figuration et abstraction.\" \/>\n<meta property=\"og:url\" content=\"https:\/\/amandarackowe.com\/fr\/demarche-artistique\/\" \/>\n<meta property=\"og:site_name\" content=\"Amanda Rackowe\" \/>\n<meta property=\"article:modified_time\" content=\"2022-04-20T09:43:27+00:00\" \/>\n<meta name=\"twitter:card\" content=\"summary_large_image\" \/>\n<meta name=\"twitter:label1\" content=\"Dur\u00e9e de lecture estim\u00e9e\" \/>\n\t<meta name=\"twitter:data1\" content=\"2 minutes\" \/>\n<script type=\"application\/ld+json\" class=\"yoast-schema-graph\">{\"@context\":\"https:\\\/\\\/schema.org\",\"@graph\":[{\"@type\":\"WebPage\",\"@id\":\"https:\\\/\\\/amandarackowe.com\\\/fr\\\/demarche-artistique\\\/\",\"url\":\"https:\\\/\\\/amandarackowe.com\\\/fr\\\/demarche-artistique\\\/\",\"name\":\"D\u00e9marche Artistique - Amanda Rackowe\",\"isPartOf\":{\"@id\":\"https:\\\/\\\/amandarackowe.com\\\/fr\\\/#website\"},\"datePublished\":\"2020-02-20T15:05:46+00:00\",\"dateModified\":\"2022-04-20T09:43:27+00:00\",\"description\":\"Dans son travail, Amanda Rackowe s'int\u00e9resse \u00e0 l'\u00e9change transitoire de l'existence humaine \u00e0 des moments pr\u00e9cis. Elle nous fait entrer dans une ambiance de semi-surr\u00e9alit\u00e9, o\u00f9 ses images glissent entre figuration et abstraction.\",\"breadcrumb\":{\"@id\":\"https:\\\/\\\/amandarackowe.com\\\/fr\\\/demarche-artistique\\\/#breadcrumb\"},\"inLanguage\":\"fr-FR\",\"potentialAction\":[{\"@type\":\"ReadAction\",\"target\":[\"https:\\\/\\\/amandarackowe.com\\\/fr\\\/demarche-artistique\\\/\"]}]},{\"@type\":\"BreadcrumbList\",\"@id\":\"https:\\\/\\\/amandarackowe.com\\\/fr\\\/demarche-artistique\\\/#breadcrumb\",\"itemListElement\":[{\"@type\":\"ListItem\",\"position\":1,\"name\":\"Home\",\"item\":\"https:\\\/\\\/amandarackowe.com\\\/fr\\\/\"},{\"@type\":\"ListItem\",\"position\":2,\"name\":\"D\u00e9marche Artistique\"}]},{\"@type\":\"WebSite\",\"@id\":\"https:\\\/\\\/amandarackowe.com\\\/fr\\\/#website\",\"url\":\"https:\\\/\\\/amandarackowe.com\\\/fr\\\/\",\"name\":\"Amanda Rackowe\",\"description\":\"Tableaux Contemporains \",\"potentialAction\":[{\"@type\":\"SearchAction\",\"target\":{\"@type\":\"EntryPoint\",\"urlTemplate\":\"https:\\\/\\\/amandarackowe.com\\\/fr\\\/?s={search_term_string}\"},\"query-input\":{\"@type\":\"PropertyValueSpecification\",\"valueRequired\":true,\"valueName\":\"search_term_string\"}}],\"inLanguage\":\"fr-FR\"}]}<\/script>\n<!-- \/ Yoast SEO plugin. -->","yoast_head_json":{"title":"D\u00e9marche Artistique - Amanda Rackowe","description":"Dans son travail, Amanda Rackowe s'int\u00e9resse \u00e0 l'\u00e9change transitoire de l'existence humaine \u00e0 des moments pr\u00e9cis. Elle nous fait entrer dans une ambiance de semi-surr\u00e9alit\u00e9, o\u00f9 ses images glissent entre figuration et abstraction.","robots":{"index":"index","follow":"follow","max-snippet":"max-snippet:-1","max-image-preview":"max-image-preview:large","max-video-preview":"max-video-preview:-1"},"canonical":"https:\/\/amandarackowe.com\/fr\/demarche-artistique\/","og_locale":"fr_FR","og_type":"article","og_title":"D\u00e9marche Artistique - Amanda Rackowe","og_description":"Dans son travail, Amanda Rackowe s'int\u00e9resse \u00e0 l'\u00e9change transitoire de l'existence humaine \u00e0 des moments pr\u00e9cis. Elle nous fait entrer dans une ambiance de semi-surr\u00e9alit\u00e9, o\u00f9 ses images glissent entre figuration et abstraction.","og_url":"https:\/\/amandarackowe.com\/fr\/demarche-artistique\/","og_site_name":"Amanda Rackowe","article_modified_time":"2022-04-20T09:43:27+00:00","twitter_card":"summary_large_image","twitter_misc":{"Dur\u00e9e de lecture estim\u00e9e":"2 minutes"},"schema":{"@context":"https:\/\/schema.org","@graph":[{"@type":"WebPage","@id":"https:\/\/amandarackowe.com\/fr\/demarche-artistique\/","url":"https:\/\/amandarackowe.com\/fr\/demarche-artistique\/","name":"D\u00e9marche Artistique - Amanda Rackowe","isPartOf":{"@id":"https:\/\/amandarackowe.com\/fr\/#website"},"datePublished":"2020-02-20T15:05:46+00:00","dateModified":"2022-04-20T09:43:27+00:00","description":"Dans son travail, Amanda Rackowe s'int\u00e9resse \u00e0 l'\u00e9change transitoire de l'existence humaine \u00e0 des moments pr\u00e9cis. Elle nous fait entrer dans une ambiance de semi-surr\u00e9alit\u00e9, o\u00f9 ses images glissent entre figuration et abstraction.","breadcrumb":{"@id":"https:\/\/amandarackowe.com\/fr\/demarche-artistique\/#breadcrumb"},"inLanguage":"fr-FR","potentialAction":[{"@type":"ReadAction","target":["https:\/\/amandarackowe.com\/fr\/demarche-artistique\/"]}]},{"@type":"BreadcrumbList","@id":"https:\/\/amandarackowe.com\/fr\/demarche-artistique\/#breadcrumb","itemListElement":[{"@type":"ListItem","position":1,"name":"Home","item":"https:\/\/amandarackowe.com\/fr\/"},{"@type":"ListItem","position":2,"name":"D\u00e9marche Artistique"}]},{"@type":"WebSite","@id":"https:\/\/amandarackowe.com\/fr\/#website","url":"https:\/\/amandarackowe.com\/fr\/","name":"Amanda Rackowe","description":"Tableaux Contemporains ","potentialAction":[{"@type":"SearchAction","target":{"@type":"EntryPoint","urlTemplate":"https:\/\/amandarackowe.com\/fr\/?s={search_term_string}"},"query-input":{"@type":"PropertyValueSpecification","valueRequired":true,"valueName":"search_term_string"}}],"inLanguage":"fr-FR"}]}},"_links":{"self":[{"href":"https:\/\/amandarackowe.com\/fr\/wp-json\/wp\/v2\/pages\/1048","targetHints":{"allow":["GET"]}}],"collection":[{"href":"https:\/\/amandarackowe.com\/fr\/wp-json\/wp\/v2\/pages"}],"about":[{"href":"https:\/\/amandarackowe.com\/fr\/wp-json\/wp\/v2\/types\/page"}],"author":[{"embeddable":true,"href":"https:\/\/amandarackowe.com\/fr\/wp-json\/wp\/v2\/users\/1"}],"replies":[{"embeddable":true,"href":"https:\/\/amandarackowe.com\/fr\/wp-json\/wp\/v2\/comments?post=1048"}],"version-history":[{"count":8,"href":"https:\/\/amandarackowe.com\/fr\/wp-json\/wp\/v2\/pages\/1048\/revisions"}],"predecessor-version":[{"id":1825,"href":"https:\/\/amandarackowe.com\/fr\/wp-json\/wp\/v2\/pages\/1048\/revisions\/1825"}],"wp:attachment":[{"href":"https:\/\/amandarackowe.com\/fr\/wp-json\/wp\/v2\/media?parent=1048"}],"curies":[{"name":"wp","href":"https:\/\/api.w.org\/{rel}","templated":true}]}}