{"id":1046,"date":"2016-03-16T14:01:42","date_gmt":"2016-03-16T13:01:42","guid":{"rendered":"https:\/\/amandarackowe.com\/about\/"},"modified":"2025-04-01T10:57:43","modified_gmt":"2025-04-01T08:57:43","slug":"accueil","status":"publish","type":"page","link":"https:\/\/amandarackowe.com\/fr\/","title":{"rendered":"Accueil"},"content":{"rendered":"<p>Amanda Rackowe is an English-born artist, based in the Dordogne, France since 2006.<\/p>\n<p>Born in 1964 in Oxfordshire, Rackowe demonstrated a strong enthusiasm for drawing and painting as a child, winning several school and college art competitions, in which her unusual choice of subject matter often cause controversy between judges and the public alike.<\/p>\n<p>Although successful in her youth, Rackowe decided to pursue a career in theatre lighting and later in architectural lighting design. Throughout these years and subsequently bringing up a large family, she continued to paint. Drawing inspiration from her career, Rackowe\u2019s take on her work was to \u2018paint with light\u2019; a concept that has become one of the influential factors in her painting.<\/p>\n<p>Moving with her family to rural France in 2006, Rackowe became inspired by the light and expansive skies of the Dordogne region. At a young age, she had fallen upon the painting \u2018Christina\u2019s World\u2019 by American artist, Andrew Wyeth &#8211; an early discovery that brought about an appreciation for sparse and open landscapes. The combination of these influential elements can be found in Rackowe\u2019s work; appearing in her portrayal of the local landscapes near her home.<\/p>\n<p>A grain silo has become a reoccurring element and subject of many of her paintings, which has enabled her to explore the effects of the changing light and seasons on the landscapes and skies surrounding it. In many of her stark landscapes, she poses reminders of a human presence; perhaps a lone figure or a vehicle with illuminated headlamps standing in direct contrast to the natural light. The echoes of Man are never far away in Rackowe\u2019s work; distant horizons punctured by material elements, such as electricity pylons and wind generators, silos and telegraph poles.<\/p>\n<p><img loading=\"lazy\" decoding=\"async\" class=\"alignright border medium\" src=\"https:\/\/amandarackowe.com\/wp-content\/uploads\/red-trees-sunflowers.jpg\" alt=\"red-trees-sunflowers\" width=\"700\" height=\"522\" \/>The diminishing perspective of the roads in Rackowe\u2019s works, interpret a sense of continuation\u2026 carrying a slight disquiet, reflecting our uncertainty as to where this road will lead us. For Rackowe, this is a comment on our lives, a story never told with an unknown finale.<\/p>\n<p>The roads of the Aquitaine landscape soon took Rackowe to other places; into the city of Bordeaux, where the brutalist architecture, modernist bridges and Corbusier influenced buildings gave her the aspiration to find a new way to depict the scenes before her, many of which are often unconsidered in the blinkered vision of daily life. Here, the theme of isolation concurs within the crowded life of the city, hinted at amongst the concrete structures and hidden lives.<\/p>\n<p>Rackowe\u2019s work depicts fleeting glances, captured instances where we are both observers and the observed; participants and onlookers; unknown witnesses of each other\u2019s lives; closely related and yet so distantly unconnected. These transient moments leave us questioning our present role and that of the future\u2026 an unfinished story. However, in these depictions, we are disconcertingly collaborating with the scene before us.<\/p>\n<p>It is in this way that Rackowe intrigues and invites you to enter her world.<\/p>\n","protected":false},"excerpt":{"rendered":"<p>Amanda Rackowe is an English-born artist, based in the Dordogne, France since 2006. Born in 1964 in Oxfordshire, Rackowe demonstrated a strong enthusiasm for drawing<\/p>\n","protected":false},"author":1,"featured_media":0,"parent":0,"menu_order":0,"comment_status":"closed","ping_status":"closed","template":"","meta":{"_acf_changed":false,"footnotes":""},"class_list":["post-1046","page","type-page","status-publish","hentry"],"acf":[],"yoast_head":"<!-- This site is optimized with the Yoast SEO plugin v27.3 - https:\/\/yoast.com\/product\/yoast-seo-wordpress\/ -->\n<title>Amanda Rackowe : tableaux contemporains de paysages &amp; sc\u00e8nes urbaines<\/title>\n<meta name=\"description\" content=\"Amanda Rackowe est une peintre britannique, install\u00e9e en France depuis 2006. Elle est avant tout une peintre figurative dont les compositions montrent des \u00e9l\u00e9ments d\u2019abstraction.\" \/>\n<meta name=\"robots\" content=\"index, follow, max-snippet:-1, max-image-preview:large, max-video-preview:-1\" \/>\n<link rel=\"canonical\" href=\"https:\/\/amandarackowe.com\/fr\/\" \/>\n<meta property=\"og:locale\" content=\"fr_FR\" \/>\n<meta property=\"og:type\" content=\"article\" \/>\n<meta property=\"og:title\" content=\"Amanda Rackowe : tableaux contemporains de paysages &amp; sc\u00e8nes urbaines\" \/>\n<meta property=\"og:description\" content=\"Amanda Rackowe est une peintre britannique, install\u00e9e en France depuis 2006. Elle est avant tout une peintre figurative dont les compositions montrent des \u00e9l\u00e9ments d\u2019abstraction.\" \/>\n<meta property=\"og:url\" content=\"https:\/\/amandarackowe.com\/fr\/\" \/>\n<meta property=\"og:site_name\" content=\"Amanda Rackowe\" \/>\n<meta property=\"article:modified_time\" content=\"2025-04-01T08:57:43+00:00\" \/>\n<meta property=\"og:image\" content=\"https:\/\/amandarackowe.com\/wp-content\/uploads\/2025\/04\/amanda-rackowe-2025.jpg\" \/>\n\t<meta property=\"og:image:width\" content=\"900\" \/>\n\t<meta property=\"og:image:height\" content=\"1200\" \/>\n\t<meta property=\"og:image:type\" content=\"image\/jpeg\" \/>\n<meta name=\"twitter:card\" content=\"summary_large_image\" \/>\n<meta name=\"twitter:image\" content=\"https:\/\/amandarackowe.com\/wp-content\/uploads\/2025\/04\/amanda-rackowe-2025.jpg\" \/>\n<meta name=\"twitter:label1\" content=\"Dur\u00e9e de lecture estim\u00e9e\" \/>\n\t<meta name=\"twitter:data1\" content=\"3 minutes\" \/>\n<script type=\"application\/ld+json\" class=\"yoast-schema-graph\">{\"@context\":\"https:\\\/\\\/schema.org\",\"@graph\":[{\"@type\":\"WebPage\",\"@id\":\"https:\\\/\\\/amandarackowe.com\\\/fr\\\/\",\"url\":\"https:\\\/\\\/amandarackowe.com\\\/fr\\\/\",\"name\":\"Amanda Rackowe : tableaux contemporains de paysages & sc\u00e8nes urbaines\",\"isPartOf\":{\"@id\":\"https:\\\/\\\/amandarackowe.com\\\/fr\\\/#website\"},\"primaryImageOfPage\":{\"@id\":\"https:\\\/\\\/amandarackowe.com\\\/fr\\\/#primaryimage\"},\"image\":{\"@id\":\"https:\\\/\\\/amandarackowe.com\\\/fr\\\/#primaryimage\"},\"thumbnailUrl\":\"https:\\\/\\\/amandarackowe.com\\\/wp-content\\\/uploads\\\/red-trees-sunflowers.jpg\",\"datePublished\":\"2016-03-16T13:01:42+00:00\",\"dateModified\":\"2025-04-01T08:57:43+00:00\",\"description\":\"Amanda Rackowe est une peintre britannique, install\u00e9e en France depuis 2006. Elle est avant tout une peintre figurative dont les compositions montrent des \u00e9l\u00e9ments d\u2019abstraction.\",\"breadcrumb\":{\"@id\":\"https:\\\/\\\/amandarackowe.com\\\/fr\\\/#breadcrumb\"},\"inLanguage\":\"fr-FR\",\"potentialAction\":[{\"@type\":\"ReadAction\",\"target\":[\"https:\\\/\\\/amandarackowe.com\\\/fr\\\/\"]}]},{\"@type\":\"ImageObject\",\"inLanguage\":\"fr-FR\",\"@id\":\"https:\\\/\\\/amandarackowe.com\\\/fr\\\/#primaryimage\",\"url\":\"https:\\\/\\\/amandarackowe.com\\\/wp-content\\\/uploads\\\/red-trees-sunflowers.jpg\",\"contentUrl\":\"https:\\\/\\\/amandarackowe.com\\\/wp-content\\\/uploads\\\/red-trees-sunflowers.jpg\"},{\"@type\":\"BreadcrumbList\",\"@id\":\"https:\\\/\\\/amandarackowe.com\\\/fr\\\/#breadcrumb\",\"itemListElement\":[{\"@type\":\"ListItem\",\"position\":1,\"name\":\"Home\",\"item\":\"https:\\\/\\\/amandarackowe.com\\\/fr\\\/\"},{\"@type\":\"ListItem\",\"position\":2,\"name\":\"Accueil\"}]},{\"@type\":\"WebSite\",\"@id\":\"https:\\\/\\\/amandarackowe.com\\\/fr\\\/#website\",\"url\":\"https:\\\/\\\/amandarackowe.com\\\/fr\\\/\",\"name\":\"Amanda Rackowe\",\"description\":\"Tableaux Contemporains \",\"potentialAction\":[{\"@type\":\"SearchAction\",\"target\":{\"@type\":\"EntryPoint\",\"urlTemplate\":\"https:\\\/\\\/amandarackowe.com\\\/fr\\\/?s={search_term_string}\"},\"query-input\":{\"@type\":\"PropertyValueSpecification\",\"valueRequired\":true,\"valueName\":\"search_term_string\"}}],\"inLanguage\":\"fr-FR\"}]}<\/script>\n<!-- \/ Yoast SEO plugin. -->","yoast_head_json":{"title":"Amanda Rackowe : tableaux contemporains de paysages & sc\u00e8nes urbaines","description":"Amanda Rackowe est une peintre britannique, install\u00e9e en France depuis 2006. Elle est avant tout une peintre figurative dont les compositions montrent des \u00e9l\u00e9ments d\u2019abstraction.","robots":{"index":"index","follow":"follow","max-snippet":"max-snippet:-1","max-image-preview":"max-image-preview:large","max-video-preview":"max-video-preview:-1"},"canonical":"https:\/\/amandarackowe.com\/fr\/","og_locale":"fr_FR","og_type":"article","og_title":"Amanda Rackowe : tableaux contemporains de paysages & sc\u00e8nes urbaines","og_description":"Amanda Rackowe est une peintre britannique, install\u00e9e en France depuis 2006. Elle est avant tout une peintre figurative dont les compositions montrent des \u00e9l\u00e9ments d\u2019abstraction.","og_url":"https:\/\/amandarackowe.com\/fr\/","og_site_name":"Amanda Rackowe","article_modified_time":"2025-04-01T08:57:43+00:00","og_image":[{"width":900,"height":1200,"url":"https:\/\/amandarackowe.com\/wp-content\/uploads\/2025\/04\/amanda-rackowe-2025.jpg","type":"image\/jpeg"}],"twitter_card":"summary_large_image","twitter_image":"https:\/\/amandarackowe.com\/wp-content\/uploads\/2025\/04\/amanda-rackowe-2025.jpg","twitter_misc":{"Dur\u00e9e de lecture estim\u00e9e":"3 minutes"},"schema":{"@context":"https:\/\/schema.org","@graph":[{"@type":"WebPage","@id":"https:\/\/amandarackowe.com\/fr\/","url":"https:\/\/amandarackowe.com\/fr\/","name":"Amanda Rackowe : tableaux contemporains de paysages & sc\u00e8nes urbaines","isPartOf":{"@id":"https:\/\/amandarackowe.com\/fr\/#website"},"primaryImageOfPage":{"@id":"https:\/\/amandarackowe.com\/fr\/#primaryimage"},"image":{"@id":"https:\/\/amandarackowe.com\/fr\/#primaryimage"},"thumbnailUrl":"https:\/\/amandarackowe.com\/wp-content\/uploads\/red-trees-sunflowers.jpg","datePublished":"2016-03-16T13:01:42+00:00","dateModified":"2025-04-01T08:57:43+00:00","description":"Amanda Rackowe est une peintre britannique, install\u00e9e en France depuis 2006. Elle est avant tout une peintre figurative dont les compositions montrent des \u00e9l\u00e9ments d\u2019abstraction.","breadcrumb":{"@id":"https:\/\/amandarackowe.com\/fr\/#breadcrumb"},"inLanguage":"fr-FR","potentialAction":[{"@type":"ReadAction","target":["https:\/\/amandarackowe.com\/fr\/"]}]},{"@type":"ImageObject","inLanguage":"fr-FR","@id":"https:\/\/amandarackowe.com\/fr\/#primaryimage","url":"https:\/\/amandarackowe.com\/wp-content\/uploads\/red-trees-sunflowers.jpg","contentUrl":"https:\/\/amandarackowe.com\/wp-content\/uploads\/red-trees-sunflowers.jpg"},{"@type":"BreadcrumbList","@id":"https:\/\/amandarackowe.com\/fr\/#breadcrumb","itemListElement":[{"@type":"ListItem","position":1,"name":"Home","item":"https:\/\/amandarackowe.com\/fr\/"},{"@type":"ListItem","position":2,"name":"Accueil"}]},{"@type":"WebSite","@id":"https:\/\/amandarackowe.com\/fr\/#website","url":"https:\/\/amandarackowe.com\/fr\/","name":"Amanda Rackowe","description":"Tableaux Contemporains ","potentialAction":[{"@type":"SearchAction","target":{"@type":"EntryPoint","urlTemplate":"https:\/\/amandarackowe.com\/fr\/?s={search_term_string}"},"query-input":{"@type":"PropertyValueSpecification","valueRequired":true,"valueName":"search_term_string"}}],"inLanguage":"fr-FR"}]}},"_links":{"self":[{"href":"https:\/\/amandarackowe.com\/fr\/wp-json\/wp\/v2\/pages\/1046","targetHints":{"allow":["GET"]}}],"collection":[{"href":"https:\/\/amandarackowe.com\/fr\/wp-json\/wp\/v2\/pages"}],"about":[{"href":"https:\/\/amandarackowe.com\/fr\/wp-json\/wp\/v2\/types\/page"}],"author":[{"embeddable":true,"href":"https:\/\/amandarackowe.com\/fr\/wp-json\/wp\/v2\/users\/1"}],"replies":[{"embeddable":true,"href":"https:\/\/amandarackowe.com\/fr\/wp-json\/wp\/v2\/comments?post=1046"}],"version-history":[{"count":3,"href":"https:\/\/amandarackowe.com\/fr\/wp-json\/wp\/v2\/pages\/1046\/revisions"}],"predecessor-version":[{"id":2144,"href":"https:\/\/amandarackowe.com\/fr\/wp-json\/wp\/v2\/pages\/1046\/revisions\/2144"}],"wp:attachment":[{"href":"https:\/\/amandarackowe.com\/fr\/wp-json\/wp\/v2\/media?parent=1046"}],"curies":[{"name":"wp","href":"https:\/\/api.w.org\/{rel}","templated":true}]}}